{"id":6,"date":"2018-04-23T09:00:09","date_gmt":"2018-04-23T09:00:09","guid":{"rendered":"http:\/\/bridge231.qodeinteractive.com\/?page_id=6"},"modified":"2020-07-28T10:28:38","modified_gmt":"2020-07-28T09:28:38","slug":"home","status":"publish","type":"page","link":"http:\/\/euromontlogistic.rs\/","title":{"rendered":"Home"},"content":{"rendered":"<p>[vc_row css_animation=&#8220;&#8220; row_type=&#8220;row&#8220; use_row_as_full_screen_section=&#8220;no&#8220; type=&#8220;full_width&#8220; angled_section=&#8220;no&#8220; text_align=&#8220;left&#8220; background_image_as_pattern=&#8220;without_pattern&#8220; z_index=&#8220;5&#8243; css=&#8220;.vc_custom_1572642388881{background-color: #40060a6 !important;}&#8220;][vc_column css=&#8220;.vc_custom_1572642472572{margin-bottom: -3% !important;}&#8220;][rev_slider_vc alias=&#8220;home-slider&#8220;][qode_elements_holder number_of_columns=&#8220;one_column&#8220;][qode_elements_holder_item advanced_animations=&#8220;no&#8220; item_padding=&#8220;46px 0 0 0&#8243; item_padding_1280_1440=&#8220;29px 0 0 0&#8243; item_padding_1024_1280=&#8220;29px 0 0 0&#8243; item_padding_768_1024=&#8220;20px 0 0 0&#8243; item_padding_600_768=&#8220;13px 0 0 0&#8243; item_padding_480_600=&#8220;0 0 0 0&#8243; item_padding_480=&#8220;0 0 0 0&#8243;][\/qode_elements_holder_item][\/qode_elements_holder][vc_empty_space][\/vc_column][\/vc_row][vc_row css_animation=&#8220;&#8220; row_type=&#8220;row&#8220; use_row_as_full_screen_section=&#8220;no&#8220; type=&#8220;grid&#8220; angled_section=&#8220;no&#8220; text_align=&#8220;center&#8220; background_image_as_pattern=&#8220;without_pattern&#8220; padding_bottom=&#8220;39&#8243; css=&#8220;.vc_custom_1526025235376{background-color: #ffffff !important;background-position: center !important;background-repeat: no-repeat !important;background-size: cover !important;}&#8220; z_index=&#8220;4&#8243;][vc_column][vc_empty_space][vc_column_text]<\/p>\n<h1>Euromont Logistic<\/h1>\n<p>[\/vc_column_text][vc_empty_space height=&#8220;24px&#8220;][qode_elements_holder number_of_columns=&#8220;one_column&#8220;][qode_elements_holder_item advanced_animations=&#8220;no&#8220; item_padding=&#8220;0 18% 0 18%&#8220;][vc_column_text]<\/p>\n<h5>Euromont Logistic je mlada kompanija koja se dinami\u010dno razvija, prati promene na tr\u017ei\u0161tu i uvek je spremna da udovolji zahtevima kupaca. Visoki profesionalizam i kvalitetna usluga je ono \u0161to odlikuje na\u0161u kompaniju.<\/h5>\n<p>[\/vc_column_text][\/qode_elements_holder_item][\/qode_elements_holder][vc_empty_space height=&#8220;62px&#8220;][\/vc_column][\/vc_row][vc_row css_animation=&#8220;&#8220; row_type=&#8220;row&#8220; use_row_as_full_screen_section=&#8220;no&#8220; type=&#8220;grid&#8220; angled_section=&#8220;no&#8220; text_align=&#8220;center&#8220; background_image_as_pattern=&#8220;without_pattern&#8220; row_negative_margin=&#8220;disable_negative_margin&#8220; z_index=&#8220;&#8220;][vc_column width=&#8220;1\/4&#8243;]<div class=\"qode-info-card\">\n\t\t\t<div class=\"qode-info-card-image\" style=\"background-color:#ffffff\">\n\t\t\t<img decoding=\"async\" src=\"http:\/\/euromontlogistic.rs\/wp-content\/uploads\/2019\/11\/skladistenje-i-logistika-1.jpg\" alt=\"\" \/>\n\t\t<\/div>\n\t\t<div class=\"qode-info-card-text-holder\" style=\"background-color:#ffffff\">\n\t\t\t\t\t<h4 class=\"qode-info-card-title\" >\n\t\t\t\tSKLADI\u0160TENJE I LOGISTIKA\t\t\t<\/h4>\n\t\t\t\t\t\t\t<p class=\"qode-info-card-text\" >\n\t\t\t\tSkladi\u0161tenje robe u visokoregalnom paletnom sistemu se vr\u0161i poluautomatizovanim vilju\u0161karima. Raspola\u017eemo sa carinskim i komercijalnim skladi\u0161tem prilago\u0111enim za skladi\u0161tenje svih vrsta roba.\t\t\t<\/p>\n\t\t\t<\/div>\n\t\t\t<div class=\"qode-info-card-link-holder\">\n\t\t\t<a itemprop=\"url\" class=\"qode-qbutton-main-color qode-qbutton-full-width qode-qbutton-square\" href=\"http:\/\/euromontlogistic.rs\/index.php\/skladistenjeilogistika\/\" target=\"_self\" style=\"height:50px;line-height:50px\"><span>Op\u0161irnije...<\/span><\/a>\n\t\t<\/div>\n\t<\/div>[\/vc_column][vc_column width=&#8220;1\/4&#8243;]<div class=\"qode-info-card\">\n\t\t\t<div class=\"qode-info-card-image\" style=\"background-color:#fff\">\n\t\t\t<img decoding=\"async\" src=\"http:\/\/euromontlogistic.rs\/wp-content\/uploads\/2019\/11\/ME\u0110UNARODNI-I-UNUTRA\u0160NJI-TRANSPORT-I-\u0160PEDICIJA-1.jpg\" alt=\"\" \/>\n\t\t<\/div>\n\t\t<div class=\"qode-info-card-text-holder\" style=\"background-color:#fff\">\n\t\t\t\t\t<h4 class=\"qode-info-card-title\" >\n\t\t\t\tME\u0110UNARODNI I UNUTRA\u0160NJI TRANSPORT I \u0160PEDICIJA\t\t\t<\/h4>\n\t\t\t\t\t\t\t<p class=\"qode-info-card-text\" >\n\t\t\t\tEuromont Logistic Vam nudi usluge punih utovara i parcijalnih po\u0161iljki kako u doma\u0107em tako i u me\u0111unarodnom saobra\u0107aju.\t\t\t<\/p>\n\t\t\t<\/div>\n\t\t\t<div class=\"qode-info-card-link-holder\">\n\t\t\t<a itemprop=\"url\" class=\"qode-qbutton-main-color qode-qbutton-full-width qode-qbutton-square\" href=\"http:\/\/euromontlogistic.rs\/index.php\/medunarodni-i-unutrasnji-transport-i-spedicija\/\" target=\"_self\" style=\"height:50px;line-height:50px\"><span>Op\u0161irnije<\/span><\/a>\n\t\t<\/div>\n\t<\/div>[\/vc_column][vc_column width=&#8220;1\/4&#8243;]<div class=\"qode-info-card\">\n\t\t\t<div class=\"qode-info-card-image\" style=\"background-color:#fff\">\n\t\t\t<img decoding=\"async\" src=\"http:\/\/euromontlogistic.rs\/wp-content\/uploads\/2019\/11\/CARINSKO-POSREDOVANJE.jpg\" alt=\"\" \/>\n\t\t<\/div>\n\t\t<div class=\"qode-info-card-text-holder\" style=\"background-color:#fff\">\n\t\t\t\t\t<h4 class=\"qode-info-card-title\" >\n\t\t\t\tCARINSKO POSREDOVANJE\t\t\t<\/h4>\n\t\t\t\t\t\t\t<p class=\"qode-info-card-text\" >\n\t\t\t\tOdli\u010dna tehni\u010dka opremljenost, nadzor i za\u0161titna oprema na\u0161eg carinskog skladi\u0161nog prostora garantuje sigurnost skladi\u0161tenja Va\u0161e robe. Stru\u010dno osoblje pobrinu\u0107e se da se carinska procedura zavr\u0161i efikasno, u najkra\u0107em vremenskom periodu, u skladu sa propisima.\t\t\t<\/p>\n\t\t\t<\/div>\n\t\t\t<div class=\"qode-info-card-link-holder\">\n\t\t\t<a itemprop=\"url\" class=\"qode-qbutton-main-color qode-qbutton-full-width qode-qbutton-square\" href=\"http:\/\/euromontlogistic.rs\/index.php\/carinsko-posredovanje\/\" target=\"_self\" style=\"height:50px;line-height:50px\"><span>Op\u0161irnije<\/span><\/a>\n\t\t<\/div>\n\t<\/div>[\/vc_column][vc_column width=&#8220;1\/4&#8243;]<div class=\"qode-info-card\">\n\t\t\t<div class=\"qode-info-card-image\" style=\"background-color:#fff\">\n\t\t\t<img decoding=\"async\" src=\"http:\/\/euromontlogistic.rs\/wp-content\/uploads\/2019\/11\/IT.jpg\" alt=\"\" \/>\n\t\t<\/div>\n\t\t<div class=\"qode-info-card-text-holder\" style=\"background-color:#fff\">\n\t\t\t\t\t<h4 class=\"qode-info-card-title\" >\n\t\t\t\tINFORMACIONE TEHNOLOGIJE\t\t\t<\/h4>\n\t\t\t\t\t\t\t<p class=\"qode-info-card-text\" >\n\t\t\t\tSistem na\u0161eg poslovanja nije samo tehnologija, to su i iskusni ljudi koji koriste vrhunski hardver i softver da bi nadma\u0161ili potrebe korisnika na\u0161ih usluga. Euromont Logistic ima re\u0161enja koja su potrebna za jednostavan rad\t\t\t<\/p>\n\t\t\t<\/div>\n\t\t\t<div class=\"qode-info-card-link-holder\">\n\t\t\t<a itemprop=\"url\" class=\"qode-qbutton-main-color qode-qbutton-full-width qode-qbutton-square\" href=\"http:\/\/euromontlogistic.rs\/index.php\/it\/\" target=\"_self\" style=\"height:50px;line-height:50px\"><span>Op\u0161irnije<\/span><\/a>\n\t\t<\/div>\n\t<\/div>[\/vc_column][\/vc_row][vc_row css_animation=&#8220;&#8220; row_type=&#8220;row&#8220; use_row_as_full_screen_section=&#8220;no&#8220; type=&#8220;full_width&#8220; angled_section=&#8220;no&#8220; text_align=&#8220;left&#8220; background_image_as_pattern=&#8220;without_pattern&#8220;][vc_column][vc_empty_space][\/vc_column][\/vc_row][vc_row css_animation=&#8220;&#8220; row_type=&#8220;row&#8220; use_row_as_full_screen_section=&#8220;no&#8220; type=&#8220;grid&#8220; angled_section=&#8220;no&#8220; text_align=&#8220;left&#8220; background_image_as_pattern=&#8220;without_pattern&#8220; z_index=&#8220;&#8220;][vc_column width=&#8220;1\/2&#8243;][vc_single_image image=&#8220;554&#8243; img_size=&#8220;600X320&#8243; style=&#8220;vc_box_shadow&#8220; onclick=&#8220;link_image&#8220; qode_css_animation=&#8220;&#8220;][\/vc_column][vc_column width=&#8220;1\/2&#8243;]<div class='q_progress_bar'><h5 class='progress_title_holder clearfix' style='color: #0060a6;'><span class='progress_title'><span>SIGURNOST<\/span><\/span><span class='progress_number' style='color: #1e73be;font-weight: 600;'><span>0<\/span>%<\/span><\/h5><div class='progress_content_outer' style='height: 10px;border-radius: 2px;-moz-border-radius: 2px;-webkit-border-radius: 2px;background-color: rgba(30, 115, 190, 1);'><div data-percentage='100%' class='progress_content' style='height: 10px;background-color: #1e73be;'><\/div><\/div><\/div><div class='q_progress_bar'><h5 class='progress_title_holder clearfix' style='color: #0060a6;'><span class='progress_title'><span>POUZDANOST<\/span><\/span><span class='progress_number' style='color: #1e73be;font-weight: 600;'><span>0<\/span>%<\/span><\/h5><div class='progress_content_outer' style='height: 10px;border-radius: 2px;-moz-border-radius: 2px;-webkit-border-radius: 2px;background-color: rgba(30, 115, 190, 1);'><div data-percentage='100%' class='progress_content' style='height: 10px;background-color: #1e73be;'><\/div><\/div><\/div><div class='q_progress_bar'><h5 class='progress_title_holder clearfix' style='color: #0060a6;'><span class='progress_title'><span>TA\u010cNOST<\/span><\/span><span class='progress_number' style='color: #1e73be;font-weight: 600;'><span>0<\/span>%<\/span><\/h5><div class='progress_content_outer' style='height: 10px;border-radius: 2px;-moz-border-radius: 2px;-webkit-border-radius: 2px;background-color: rgba(30, 115, 190, 1);'><div data-percentage='100%' class='progress_content' style='height: 10px;background-color: #1e73be;'><\/div><\/div><\/div><div class='q_progress_bar'><h5 class='progress_title_holder clearfix' style='color: #0060a6;'><span class='progress_title'><span>PROFESIONALIZAM<\/span><\/span><span class='progress_number' style='color: #1e73be;font-weight: 600;'><span>0<\/span>%<\/span><\/h5><div class='progress_content_outer' style='height: 10px;border-radius: 2px;-moz-border-radius: 2px;-webkit-border-radius: 2px;background-color: rgba(30, 115, 190, 1);'><div data-percentage='100%' class='progress_content' style='height: 10px;background-color: #1e73be;'><\/div><\/div><\/div>[\/vc_column][\/vc_row][vc_row css_animation=&#8220;&#8220; row_type=&#8220;row&#8220; use_row_as_full_screen_section=&#8220;no&#8220; type=&#8220;full_width&#8220; angled_section=&#8220;no&#8220; text_align=&#8220;left&#8220; background_image_as_pattern=&#8220;without_pattern&#8220;][vc_column][vc_gmaps link=&#8220;#E-8_JTNDaWZyYW1lJTIwc3JjJTNEJTIyaHR0cHMlM0ElMkYlMkZ3d3cuZ29vZ2xlLmNvbSUyRm1hcHMlMkZlbWJlZCUzRnBiJTNEJTIxMW0xOCUyMTFtMTIlMjExbTMlMjExZDc5MzkuNDczNzI2ODEwOTcyJTIxMmQxOS44Mzc2ODM0MzU5OTIxMSUyMTNkNDUuMjg3NjU4ODMwNjg1NiUyMTJtMyUyMTFmMCUyMTJmMCUyMTNmMCUyMTNtMiUyMTFpMTAyNCUyMTJpNzY4JTIxNGYxMy4xJTIxM20zJTIxMW0yJTIxMXMweDAlMjUzQTB4NDQyZWJhYjYxOTc4NWY1NyUyMTJzRVVST01PTlQlMjUyMExPR0lTVElDJTI1MjBkb28lMjE1ZTAlMjEzbTIlMjExc2VuJTIxMnNycyUyMTR2MTU3NDI0NTczMjM0NSUyMTVtMiUyMTFzZW4lMjEyc3JzJTIyJTIwd2lkdGglM0QlMjI2MDAlMjIlMjBoZWlnaHQlM0QlMjI0NTAlMjIlMjBmcmFtZWJvcmRlciUzRCUyMjAlMjIlMjBzdHlsZSUzRCUyMmJvcmRlciUzQTAlM0IlMjIlMjBhbGxvd2Z1bGxzY3JlZW4lM0QlMjIlMjIlM0UlM0MlMkZpZnJhbWUlM0U=&#8220;][vc_empty_space][\/vc_column][\/vc_row][vc_row css_animation=&#8220;&#8220; row_type=&#8220;row&#8220; use_row_as_full_screen_section=&#8220;no&#8220; type=&#8220;full_width&#8220; angled_section=&#8220;no&#8220; text_align=&#8220;left&#8220; background_image_as_pattern=&#8220;without_pattern&#8220;][vc_column][vc_empty_space][\/vc_column][\/vc_row]<\/p>\n","protected":false},"excerpt":{"rendered":"<p>[vc_row css_animation=&#8220;&#8220; row_type=&#8220;row&#8220; use_row_as_full_screen_section=&#8220;no&#8220; type=&#8220;full_width&#8220; angled_section=&#8220;no&#8220; text_align=&#8220;left&#8220; background_image_as_pattern=&#8220;without_pattern&#8220; z_index=&#8220;5&#8243; css=&#8220;.vc_custom_1572642388881{background-color: #40060a6 !important;}&#8220;][vc_column css=&#8220;.vc_custom_1572642472572{margin-bottom: -3% !important;}&#8220;][rev_slider_vc alias=&#8220;home-slider&#8220;][qode_elements_holder number_of_columns=&#8220;one_column&#8220;][qode_elements_holder_item advanced_animations=&#8220;no&#8220; item_padding=&#8220;46px 0 0 0&#8243; item_padding_1280_1440=&#8220;29px 0 0 0&#8243; item_padding_1024_1280=&#8220;29px 0 0 0&#8243; item_padding_768_1024=&#8220;20px 0 0 0&#8243; item_padding_600_768=&#8220;13px 0 0 0&#8243; item_padding_480_600=&#8220;0 0 0 0&#8243; item_padding_480=&#8220;0 0 0&#8230;<\/p>\n","protected":false},"author":1,"featured_media":0,"parent":0,"menu_order":0,"comment_status":"closed","ping_status":"closed","template":"full_width.php","meta":{"_mi_skip_tracking":false,"_monsterinsights_sitenote_active":false,"_monsterinsights_sitenote_note":"","_monsterinsights_sitenote_category":0,"footnotes":""},"class_list":["post-6","page","type-page","status-publish","hentry"],"_links":{"self":[{"href":"http:\/\/euromontlogistic.rs\/index.php\/wp-json\/wp\/v2\/pages\/6","targetHints":{"allow":["GET"]}}],"collection":[{"href":"http:\/\/euromontlogistic.rs\/index.php\/wp-json\/wp\/v2\/pages"}],"about":[{"href":"http:\/\/euromontlogistic.rs\/index.php\/wp-json\/wp\/v2\/types\/page"}],"author":[{"embeddable":true,"href":"http:\/\/euromontlogistic.rs\/index.php\/wp-json\/wp\/v2\/users\/1"}],"replies":[{"embeddable":true,"href":"http:\/\/euromontlogistic.rs\/index.php\/wp-json\/wp\/v2\/comments?post=6"}],"version-history":[{"count":126,"href":"http:\/\/euromontlogistic.rs\/index.php\/wp-json\/wp\/v2\/pages\/6\/revisions"}],"predecessor-version":[{"id":2537,"href":"http:\/\/euromontlogistic.rs\/index.php\/wp-json\/wp\/v2\/pages\/6\/revisions\/2537"}],"wp:attachment":[{"href":"http:\/\/euromontlogistic.rs\/index.php\/wp-json\/wp\/v2\/media?parent=6"}],"curies":[{"name":"wp","href":"https:\/\/api.w.org\/{rel}","templated":true}]}}