{"id":1910,"date":"2020-02-02T21:43:23","date_gmt":"2020-02-02T21:43:23","guid":{"rendered":"http:\/\/euromontlogistic.rs\/index.php\/lage\/"},"modified":"2020-02-02T21:43:26","modified_gmt":"2020-02-02T21:43:26","slug":"lage","status":"publish","type":"page","link":"https:\/\/euromontlogistic.rs\/index.php\/lage\/?lang=de","title":{"rendered":"LAGE"},"content":{"rendered":"<p>[vc_row css_animation=&#8220;&#8220; row_type=&#8220;row&#8220; use_row_as_full_screen_section=&#8220;no&#8220; type=&#8220;grid&#8220; angled_section=&#8220;no&#8220; text_align=&#8220;left&#8220; background_image_as_pattern=&#8220;without_pattern&#8220; padding_top=&#8220;90&#8243; padding_bottom=&#8220;90&#8243; z_index=&#8220;&#8220;][vc_column width=&#8220;1\/2&#8243;][vc_column_text]EUROMONT LOGISTIC liegt an der Kreuzung der internationalen Autobahn E75 und der Stra\u00dfe Zrenjaninski put (Landesstra\u00dfe Kategorie IB Nr. 13), direkt an der \u00f6stlichen Ortseinfahrt von Novi Sad. Eines der wichtigsten Merkmale dieses Standorts ist, dass 65 % des Autoverkehrs daran vorbeigef\u00fchrt wird.<br \/>\nLastwagentransporte machen das Hauptmittel und den Schl\u00fcsselbetrieb dieses Standorts aus.<br \/>\nEin anderer Schl\u00fcsselaspekt dieses Standorts ist das gro\u00dfe Angebot an Arbeitskr\u00e4ften, das f\u00fcr die Distribution und das Logistikzentrum \u00e4u\u00dferst wichtig ist.<br \/>\nNovi Sad liegt als Hauptstadt der Provinz Vojvodina 80 km von Belgrad entfernt. Die Entfernung von Subotica betr\u00e4gt 95 km, von Vr\u0161ac 103 km und \u010ca\u010dak ist 205 km entfernt. Wir befinden uns im Zentrum aller Grenz\u00fcberg\u00e4nge.<br \/>\nNovi Sad tr\u00e4gt als Stadt zur Qualit\u00e4t des Standorts bei, da die Stadt \u00fcbersichtlich ist, eine ausreichende Anzahl an Arbeitskr\u00e4ften zur Verf\u00fcgung stellt und der Verkehr nicht zu dicht ist, was eine effiziente und erfolgreiche Arbeitsausf\u00fchrung erm\u00f6glicht.[\/vc_column_text][\/vc_column][vc_column width=&#8220;1\/2&#8243;][vc_single_image image=&#8220;1130&#8243; img_size=&#8220;large&#8220; qode_css_animation=&#8220;&#8220;][\/vc_column][\/vc_row][vc_row css_animation=&#8220;&#8220; row_type=&#8220;row&#8220; use_row_as_full_screen_section=&#8220;no&#8220; type=&#8220;full_width&#8220; angled_section=&#8220;no&#8220; text_align=&#8220;left&#8220; background_image_as_pattern=&#8220;without_pattern&#8220;][vc_column][vc_gmaps link=&#8220;#E-8_JTNDaWZyYW1lJTIwc3JjJTNEJTIyaHR0cHMlM0ElMkYlMkZ3d3cuZ29vZ2xlLmNvbSUyRm1hcHMlMkZlbWJlZCUzRnBiJTNEJTIxMW0xOCUyMTFtMTIlMjExbTMlMjExZDc5MzkuNDczNzI2ODEwOTcyJTIxMmQxOS44Mzc2ODM0MzU5OTIxMSUyMTNkNDUuMjg3NjU4ODMwNjg1NiUyMTJtMyUyMTFmMCUyMTJmMCUyMTNmMCUyMTNtMiUyMTFpMTAyNCUyMTJpNzY4JTIxNGYxMy4xJTIxM20zJTIxMW0yJTIxMXMweDAlMjUzQTB4NDQyZWJhYjYxOTc4NWY1NyUyMTJzRVVST01PTlQlMjUyMExPR0lTVElDJTI1MjBkb28lMjE1ZTAlMjEzbTIlMjExc2VuJTIxMnNycyUyMTR2MTU3NDI0NTczMjM0NSUyMTVtMiUyMTFzZW4lMjEyc3JzJTIyJTIwd2lkdGglM0QlMjI2MDAlMjIlMjBoZWlnaHQlM0QlMjI0NTAlMjIlMjBmcmFtZWJvcmRlciUzRCUyMjAlMjIlMjBzdHlsZSUzRCUyMmJvcmRlciUzQTAlM0IlMjIlMjBhbGxvd2Z1bGxzY3JlZW4lM0QlMjIlMjIlM0UlM0MlMkZpZnJhbWUlM0U=&#8220;][\/vc_column][\/vc_row]<\/p>\n","protected":false},"excerpt":{"rendered":"<p>[vc_row css_animation=&#8220;&#8220; row_type=&#8220;row&#8220; use_row_as_full_screen_section=&#8220;no&#8220; type=&#8220;grid&#8220; angled_section=&#8220;no&#8220; text_align=&#8220;left&#8220; background_image_as_pattern=&#8220;without_pattern&#8220; padding_top=&#8220;90&#8243; padding_bottom=&#8220;90&#8243; z_index=&#8220;&#8220;][vc_column width=&#8220;1\/2&#8243;][vc_column_text]EUROMONT LOGISTIC liegt an der Kreuzung der internationalen Autobahn E75 und der Stra\u00dfe Zrenjaninski put (Landesstra\u00dfe Kategorie IB Nr. 13), direkt an der \u00f6stlichen Ortseinfahrt von Novi Sad. Eines der wichtigsten Merkmale dieses Standorts&#8230;<\/p>\n","protected":false},"author":1,"featured_media":0,"parent":0,"menu_order":0,"comment_status":"closed","ping_status":"closed","template":"full_width.php","meta":{"_mi_skip_tracking":false,"_monsterinsights_sitenote_active":false,"_monsterinsights_sitenote_note":"","_monsterinsights_sitenote_category":0,"footnotes":""},"class_list":["post-1910","page","type-page","status-publish","hentry"],"_links":{"self":[{"href":"https:\/\/euromontlogistic.rs\/index.php\/wp-json\/wp\/v2\/pages\/1910","targetHints":{"allow":["GET"]}}],"collection":[{"href":"https:\/\/euromontlogistic.rs\/index.php\/wp-json\/wp\/v2\/pages"}],"about":[{"href":"https:\/\/euromontlogistic.rs\/index.php\/wp-json\/wp\/v2\/types\/page"}],"author":[{"embeddable":true,"href":"https:\/\/euromontlogistic.rs\/index.php\/wp-json\/wp\/v2\/users\/1"}],"replies":[{"embeddable":true,"href":"https:\/\/euromontlogistic.rs\/index.php\/wp-json\/wp\/v2\/comments?post=1910"}],"version-history":[{"count":1,"href":"https:\/\/euromontlogistic.rs\/index.php\/wp-json\/wp\/v2\/pages\/1910\/revisions"}],"predecessor-version":[{"id":1911,"href":"https:\/\/euromontlogistic.rs\/index.php\/wp-json\/wp\/v2\/pages\/1910\/revisions\/1911"}],"wp:attachment":[{"href":"https:\/\/euromontlogistic.rs\/index.php\/wp-json\/wp\/v2\/media?parent=1910"}],"curies":[{"name":"wp","href":"https:\/\/api.w.org\/{rel}","templated":true}]}}