{"id":1927,"date":"2020-02-02T22:11:02","date_gmt":"2020-02-02T22:11:02","guid":{"rendered":"http:\/\/euromontlogistic.rs\/index.php\/lagerung-und-logistik\/"},"modified":"2020-02-02T22:11:06","modified_gmt":"2020-02-02T22:11:06","slug":"lagerung-und-logistik","status":"publish","type":"page","link":"https:\/\/euromontlogistic.rs\/index.php\/lagerung-und-logistik\/?lang=de","title":{"rendered":"Lagerung und Logistik"},"content":{"rendered":"<p>[vc_row css_animation=&#8220;&#8220; row_type=&#8220;row&#8220; use_row_as_full_screen_section=&#8220;no&#8220; type=&#8220;grid&#8220; angled_section=&#8220;no&#8220; text_align=&#8220;left&#8220; background_image_as_pattern=&#8220;without_pattern&#8220; z_index=&#8220;&#8220;][vc_column width=&#8220;2\/3&#8243;][vc_empty_space][vc_column_text]<\/p>\n<h5><span style=\"color: #3e69b5;\"><strong>Die Lagerkapazit\u00e4t erm\u00f6glicht:<\/strong><\/span><\/h5>\n<p>Die Lagerkapazit\u00e4t erm\u00f6glicht:<br \/>\nLagerung bei Umgebungstemperatur (ausgestattet mit einem modernen hohen Palettenregal-System mit einer Kapazit\u00e4t von 10.000 Lagerpl\u00e4tzen);<br \/>\nK\u00fchlraumlagerung (f\u00fcr Waren, die bei geregelten Temperaturen bis &#8211; 30*, -40* auf 6000 m3 gelagert und aufbewahrt werden m\u00fcssen);<\/p>\n<p>Uns stehen insgesamt 10 Laderampen zur Verf\u00fcgung.<\/p>\n<p>Das Hochregallager (High Bay Warehouse) ist komplett abgesichert und stellt ein sicheres Objekt dar.<\/p>\n<p>Mit der Verwaltung und Handhabung durch ein angepasstes, modernes und einfaches System erleichtert Ihnen EUROMONT LOGISTIC die Verbesserung Ihres Warenflusses, was auch den Schl\u00fcsselaspekt von EUROMONT LOGISTIC ausmacht. Unsere Nutzer sind \u00fcber eine Applikation verbunden, die auf dem Computer des Nutzers installiert und direkt mit unserem LVS verbunden ist. So hat der Nutzer unserer Dienstleistungen jederzeit Einsicht in die Warenmengen und Termine in unserem Lager und kann selbstst\u00e4ndig die Waren f\u00fcr seine Kunden vorbereiten. Wir arbeiten mit halbautomatischen Gabelstaplern der Marke Jungheinrich.[\/vc_column_text][vc_empty_space][\/vc_column][vc_column width=&#8220;1\/3&#8243;][vc_empty_space][vc_video link=&#8220;https:\/\/www.youtube.com\/watch?v=V09t42XLVS0&#8243;][\/vc_column][\/vc_row][vc_row css_animation=&#8220;&#8220; row_type=&#8220;row&#8220; use_row_as_full_screen_section=&#8220;no&#8220; type=&#8220;grid&#8220; angled_section=&#8220;no&#8220; text_align=&#8220;left&#8220; background_image_as_pattern=&#8220;without_pattern&#8220; padding_top=&#8220;40&#8243; padding_bottom=&#8220;40&#8243; z_index=&#8220;&#8220; background_color=&#8220;rgba(30,115,190,0.16)&#8220; css=&#8220;.vc_custom_1573775695895{background-color: #005ca2 !important;}&#8220;][vc_column width=&#8220;1\/3&#8243;][vc_column_text]<\/p>\n<h5><span style=\"color: #ffffff;\"><strong>Unsere Lagerdienstleistungen beinhalten,  <\/strong><\/span><br \/>\n<span style=\"color: #ffffff;\"><strong>sind jedoch nicht beschr\u00e4nkt auf:<\/strong><\/span><\/h5>\n<p>[\/vc_column_text][\/vc_column][vc_column width=&#8220;1\/3&#8243;][vc_column_text]<\/p>\n<ul>\n<li><strong><span style=\"color: #ffffff;\">WARENLAGERUNG<\/span><\/strong><\/li>\n<li><strong><span style=\"color: #ffffff;\">RF- UND BARCODE-IDENTIFIKATION<\/span><\/strong><\/li>\n<li><strong><span style=\"color: #ffffff;\">ONLINE-WARENVERFOLGUNG<\/span><\/strong><\/li>\n<li><strong><span style=\"color: #ffffff;\">LAGERUNG MIT TEMPERATURKONTROLLE<\/span><\/strong><\/li>\n<\/ul>\n<p>[\/vc_column_text][\/vc_column][vc_column width=&#8220;1\/3&#8243;][vc_column_text]<\/p>\n<ul>\n<li><strong><span style=\"color: #ffffff;\">QUALIT\u00c4TSKONTROLLE<\/span><\/strong><\/li>\n<li><strong><span style=\"color: #ffffff;\">UMLADUNG<\/span><\/strong><\/li>\n<li><strong><span style=\"color: #ffffff;\">\u00a0ENTLADUNG VON LASTEN IN \u00dcBERGR\u00d6SSE MIT SPEZIELLEN GABELSTAPLERN<\/span><\/strong><\/li>\n<li><strong><span style=\"color: #ffffff;\">UMLADUNG\/ENTLADUNG AUS DEM CONTAINER<\/span><\/strong><\/li>\n<\/ul>\n<p>[\/vc_column_text][\/vc_column][\/vc_row][vc_row css_animation=&#8220;&#8220; row_type=&#8220;row&#8220; use_row_as_full_screen_section=&#8220;no&#8220; type=&#8220;grid&#8220; angled_section=&#8220;no&#8220; text_align=&#8220;left&#8220; background_image_as_pattern=&#8220;without_pattern&#8220; padding_top=&#8220;20&#8243; padding_bottom=&#8220;40&#8243; z_index=&#8220;&#8220; background_color=&#8220;#ffffff&#8220; css=&#8220;.vc_custom_1573768249657{background-color: rgba(30,115,190,0.16) !important;*background-color: rgb(30,115,190) !important;}&#8220;][vc_column width=&#8220;1\/3&#8243;]<div class='q_icon_with_title large custom_icon_image center '><div class=\"icon_holder \" style=\" \"><img decoding=\"async\" itemprop=\"image\" style=\"\" src=\"https:\/\/euromontlogistic.rs\/wp-content\/uploads\/2019\/11\/pakovanje2.png\" alt=\"\"><\/div><div class=\"icon_text_holder\" style=\"\"><div class=\"icon_text_inner\" style=\"\"><h5 class=\"icon_title\" style=\"font-weight: 600;\">VERPACKUNG: <\/h5><p style=''><\/p><\/div><\/div><\/div>[vc_column_text]Unsere Anwendung des LEAN-Konzepts ist an die Bed\u00fcrfnisse unserer Kunden angepasst. Durch die gemeinsame Ortung Ihrer Waren erh\u00f6hen wir die Effizienz und sparen Kosten und Zeit, die wichtige Faktoren in der Lieferkette darstellen. Gestatten Sie uns, Zeit und Geld f\u00fcr Sie zu sparen und dabei Ihre Produktivit\u00e4t zu steigern.<br \/>\nUnsere spezialisierten Verpackungsdienstleistungen beinhalten, sind jedoch nicht beschr\u00e4nkt auf:<br \/>\n\u2022\tVerpackung und Verringerung von Verpackungsmaterial<br \/>\n\u2022\tAngepasste Darstellung des Produkts<br \/>\n\u2022\tMontage des Produkts<br \/>\n\u2022\tVerpackung und Umgestaltung<br \/>\n\u2022\tAngepasste Verpackung<br \/>\n\u2022\tSpezielle Markierung des Produkts<br \/>\n\u2022\tQualit\u00e4tskontrolle<br \/>\n\u2022\tRFID und Barcode<br \/>\n[\/vc_column_text][vc_empty_space][\/vc_column][vc_column width=&#8220;1\/3&#8243;]<div class='q_icon_with_title large custom_icon_image center '><div class=\"icon_holder \" style=\" \"><img decoding=\"async\" itemprop=\"image\" style=\"\" src=\"https:\/\/euromontlogistic.rs\/wp-content\/uploads\/2019\/11\/komisioniranje2-1.png\" alt=\"\"><\/div><div class=\"icon_text_holder\" style=\"\"><div class=\"icon_text_inner\" style=\"\"><h5 class=\"icon_title\" style=\"font-weight: 600;\">KOMMISSIONIERUNG:<\/h5><p style=''><\/p><\/div><\/div><\/div>[vc_column_text]Unsere qualifizierten Lagerteams sind f\u00fcr die Warenkommissionierung geschult, um in m\u00f6glichst kurzer Zeit eine m\u00f6glichst gro\u00dfe Anzahl an Bestellungen bearbeiten zu k\u00f6nnen. So sind die Produkte jederzeit in gew\u00fcnschter Form f\u00fcr die Kunden verf\u00fcgbar. Die Warenr\u00fccknahme oder -kommissionierung erfolgt auf verschiedene Arten:<br \/>\n1.\tSt\u00fcckweise (Piece picking)<br \/>\n2.\tPaketweise (Box picking)<br \/>\n3.\tClusterweise (Cluster picking)<br \/>\n4.\tGruppenweise (Group picking)<br \/>\n[\/vc_column_text][\/vc_column][vc_column width=&#8220;1\/3&#8243;]<div class='q_icon_with_title large custom_icon_image center '><div class=\"icon_holder \" style=\" \"><img decoding=\"async\" itemprop=\"image\" style=\"\" src=\"https:\/\/euromontlogistic.rs\/wp-content\/uploads\/2019\/11\/dodatne-usluge.png\" alt=\"\"><\/div><div class=\"icon_text_holder\" style=\"\"><div class=\"icon_text_inner\" style=\"\"><h5 class=\"icon_title\" style=\"font-weight: 600;\">ZUSATZLEISTUNGEN<\/h5><p style=''><\/p><\/div><\/div><\/div>[vc_column_text]Um bei der Verwaltung der Lieferkette wechselnden Anforderungen und Erwartungen gerecht zu werden, arbeitet Euromont Logistic an der Weiterentwicklung der Arbeitsweise, mit dem Ziel der Verbesserung von Produkten, Dienstleistungen und Prozessen.<br \/>\nUnser Unternehmen ist bereit, m\u00f6gliche Probleme zu identifizieren und mit positiven Ver\u00e4nderungen auf selbige zu reagieren.<\/p>\n<p>Euromont Logistic steigert effektiv den Profit des Nutzers unserer Dienstleistungen und verwirklicht die eigenen Unternehmensziele.<br \/>\nIn unserem Logistikzentrum stellen wir folgende Dienstleistungen zur Verf\u00fcgung:<br \/>\n&#8211;\tSichtkontrollen,<br \/>\n&#8211;\tStichprobenpr\u00fcfung,<br \/>\n&#8211;\tSortierung,<br \/>\n&#8211;\tUmpacken,<br \/>\n&#8211;\tVerpacken,<br \/>\n&#8211;\tDeklarationen,<br \/>\n&#8211;\tEtikettierung<br \/>\n[\/vc_column_text][\/vc_column][\/vc_row][vc_row css_animation=&#8220;&#8220; row_type=&#8220;row&#8220; use_row_as_full_screen_section=&#8220;no&#8220; type=&#8220;grid&#8220; angled_section=&#8220;no&#8220; text_align=&#8220;left&#8220; background_image_as_pattern=&#8220;without_pattern&#8220; z_index=&#8220;&#8220;][vc_column][vc_column_text]Bei qualitativ hochwertigen logistischen Prozessen ist eine Abwicklung aller Prozesse ohne Verz\u00f6gerung und im Einklang mit internationalen Standards selbstverst\u00e4ndlich.<\/p>\n<p>Wir bieten Ihnen operative Expertise, um eine effiziente und nachhaltige Distribution Ihrer Ware zu erm\u00f6glichen.<br \/>\nUnabh\u00e4ngig davon, ob Sie unser oder ihr eigenes Team einsetzen, unsere internen Fachkr\u00e4fte unterst\u00fctzen Sie t\u00e4glich bei der Verwaltung Ihres Bestands und bei der Einsparung von Zeit und damit auch Kosten f\u00fcr die Miete des Lagers, die Ausstattung, f\u00fcr Arbeitskr\u00e4fte und Wartung, die auf Monats- und Jahresniveau au\u00dferordentlich hoch sind.[\/vc_column_text][vc_empty_space][\/vc_column][\/vc_row][vc_row css_animation=&#8220;&#8220; row_type=&#8220;row&#8220; use_row_as_full_screen_section=&#8220;no&#8220; type=&#8220;full_width&#8220; angled_section=&#8220;no&#8220; text_align=&#8220;left&#8220; background_image_as_pattern=&#8220;without_pattern&#8220;][vc_column]<div class=\"call_to_action with_icon\" style=\"background-color: #1e73be;\"><div class=\"container_inner\"><div class=\"two_columns_75_25 clearfix\"><div class=\"text_wrapper column1\"><div class=\"call_to_action_icon_holder\"><div class=\"call_to_action_icon\"><div class=\"call_to_action_icon_inner\"><i class='fa fa-envelope pull-left . fa-2x'><\/i><\/div><\/div><\/div><div class=\"call_to_action_text \" style=\"\">Bitte senden Sie Angebotsanfragen an unsere E-Mail-Adresse: skladi\u0161tenje@euromontlogistic.rs<\/div><\/div><\/div><\/div><\/div>[\/vc_column][\/vc_row]<\/p>\n","protected":false},"excerpt":{"rendered":"<p>[vc_row css_animation=&#8220;&#8220; row_type=&#8220;row&#8220; use_row_as_full_screen_section=&#8220;no&#8220; type=&#8220;grid&#8220; angled_section=&#8220;no&#8220; text_align=&#8220;left&#8220; background_image_as_pattern=&#8220;without_pattern&#8220; z_index=&#8220;&#8220;][vc_column width=&#8220;2\/3&#8243;][vc_empty_space][vc_column_text] Die Lagerkapazit\u00e4t erm\u00f6glicht: Die Lagerkapazit\u00e4t erm\u00f6glicht: Lagerung bei Umgebungstemperatur (ausgestattet mit einem modernen hohen Palettenregal-System mit einer Kapazit\u00e4t von 10.000 Lagerpl\u00e4tzen); K\u00fchlraumlagerung (f\u00fcr Waren, die bei geregelten Temperaturen bis &#8211; 30*, -40* auf 6000 m3&#8230;<\/p>\n","protected":false},"author":1,"featured_media":0,"parent":0,"menu_order":0,"comment_status":"closed","ping_status":"closed","template":"full_width.php","meta":{"_mi_skip_tracking":false,"_monsterinsights_sitenote_active":false,"_monsterinsights_sitenote_note":"","_monsterinsights_sitenote_category":0,"footnotes":""},"class_list":["post-1927","page","type-page","status-publish","hentry"],"_links":{"self":[{"href":"https:\/\/euromontlogistic.rs\/index.php\/wp-json\/wp\/v2\/pages\/1927","targetHints":{"allow":["GET"]}}],"collection":[{"href":"https:\/\/euromontlogistic.rs\/index.php\/wp-json\/wp\/v2\/pages"}],"about":[{"href":"https:\/\/euromontlogistic.rs\/index.php\/wp-json\/wp\/v2\/types\/page"}],"author":[{"embeddable":true,"href":"https:\/\/euromontlogistic.rs\/index.php\/wp-json\/wp\/v2\/users\/1"}],"replies":[{"embeddable":true,"href":"https:\/\/euromontlogistic.rs\/index.php\/wp-json\/wp\/v2\/comments?post=1927"}],"version-history":[{"count":1,"href":"https:\/\/euromontlogistic.rs\/index.php\/wp-json\/wp\/v2\/pages\/1927\/revisions"}],"predecessor-version":[{"id":1928,"href":"https:\/\/euromontlogistic.rs\/index.php\/wp-json\/wp\/v2\/pages\/1927\/revisions\/1928"}],"wp:attachment":[{"href":"https:\/\/euromontlogistic.rs\/index.php\/wp-json\/wp\/v2\/media?parent=1927"}],"curies":[{"name":"wp","href":"https:\/\/api.w.org\/{rel}","templated":true}]}}