{"id":1969,"date":"2020-02-02T22:14:22","date_gmt":"2020-02-02T22:14:22","guid":{"rendered":"http:\/\/euromontlogistic.rs\/index.php\/internationaler-und-inlaendischer-transport-und-spedition\/"},"modified":"2020-02-02T22:14:27","modified_gmt":"2020-02-02T22:14:27","slug":"internationaler-und-inlaendischer-transport-und-spedition","status":"publish","type":"page","link":"https:\/\/euromontlogistic.rs\/index.php\/internationaler-und-inlaendischer-transport-und-spedition\/?lang=de","title":{"rendered":"INTERNATIONALER UND INL\u00c4NDISCHER TRANSPORT UND SPEDITION"},"content":{"rendered":"<p>[vc_row css_animation=&#8220;&#8220; row_type=&#8220;row&#8220; use_row_as_full_screen_section=&#8220;no&#8220; type=&#8220;grid&#8220; angled_section=&#8220;no&#8220; text_align=&#8220;left&#8220; background_image_as_pattern=&#8220;without_pattern&#8220; z_index=&#8220;&#8220;][vc_column][vc_empty_space][vc_column_text]EUROMONT LOGISTIC erm\u00f6glicht seinen Kunden den schnellen und zuverl\u00e4ssigen Warentransport an die gew\u00fcnschten Zielorte und vereint dabei effiziente und schnelle L\u00f6sungen aus dem Bereich Transport, Logistik und Spedition. Der Transport der gelagerten Waren wird vom hauseigenen Unternehmen Euromont\u0160ped durchgef\u00fchrt, es werden aber auch Langzeitpartner eingesetzt.[\/vc_column_text][vc_empty_space][\/vc_column][\/vc_row][vc_row css_animation=&#8220;&#8220; row_type=&#8220;row&#8220; use_row_as_full_screen_section=&#8220;no&#8220; type=&#8220;grid&#8220; angled_section=&#8220;no&#8220; text_align=&#8220;left&#8220; background_image_as_pattern=&#8220;without_pattern&#8220; z_index=&#8220;&#8220; css=&#8220;.vc_custom_1573774419575{background-color: rgba(30,115,190,0.16) !important;*background-color: rgb(30,115,190) !important;}&#8220; padding_top=&#8220;50&#8243; padding_bottom=&#8220;50&#8243;][vc_column width=&#8220;1\/3&#8243;]<div class=\"image_with_text\"><img decoding=\"async\" itemprop=\"image\" src=\"https:\/\/euromontlogistic.rs\/wp-content\/uploads\/2019\/11\/euromont-KAMONI-1.jpg\" alt=\"\" \/><h3 ><\/h3><span style=\"margin: 6px 0px;\" class=\"separator transparent\"><\/span><strong><span style=\"color: #1865a3;\">Wir verf\u00fcgen \u00fcber eine moderne Flotte von 30 Last- und Lieferwagen, die Transportdienstleistungen vom Werk und Lager des Partners zu Einzelhandelsketten anbieten. <\/span><\/strong><\/div>[\/vc_column][vc_column width=&#8220;1\/3&#8243;]<div class=\"image_with_text\"><img decoding=\"async\" itemprop=\"image\" src=\"https:\/\/euromontlogistic.rs\/wp-content\/uploads\/2019\/11\/SATELIT-1.jpg\" alt=\"\" \/><h3 ><\/h3><span style=\"margin: 6px 0px;\" class=\"separator transparent\"><\/span><span style=\"color: #1865a3;\"><strong>Alle Transportfahrzeuge sind mit einem modernen Satellitenverfolgungssystem ausgestattet, das einen umfassenden Einblick in den Aufenthaltsort der Waren, bzw. die Warenbewegung erm\u00f6glicht.<\/strong><\/span><\/div>[\/vc_column][vc_column width=&#8220;1\/3&#8243;]<div class=\"image_with_text\"><img decoding=\"async\" itemprop=\"image\" src=\"https:\/\/euromontlogistic.rs\/wp-content\/uploads\/2019\/11\/CEMT.jpg\" alt=\"\" \/><h3 ><\/h3><span style=\"margin: 6px 0px;\" class=\"separator transparent\"><\/span><span style=\"color: #1865a3;\"><strong>Alle Fahrzeuge der Transportflotte verf\u00fcgen \u00fcber die CEMT-Genehmigung (internationale Genehmigung f\u00fcr die freie Durchfahrt auf allen europ\u00e4ischen Stra\u00dfen).<\/strong><\/span><\/div>[\/vc_column][\/vc_row][vc_row css_animation=&#8220;&#8220; row_type=&#8220;row&#8220; use_row_as_full_screen_section=&#8220;no&#8220; type=&#8220;grid&#8220; angled_section=&#8220;no&#8220; text_align=&#8220;left&#8220; background_image_as_pattern=&#8220;without_pattern&#8220; z_index=&#8220;&#8220;][vc_column][vc_empty_space][vc_column_text]Euromont Logistic bietet allen, die Waren in unserem Logistikzentrum lagern, Speditionsdienstleistungen an. Dies erm\u00f6glicht ihnen, mit einem Telefonanruf bei Einfuhr ihrer Waren die gesamte Lieferkette zu beenden, vom Ladeort \u00fcber Transport, Zoll und Lagerung \u00fcber das Zolllager bis hin zur Distribution an den Endkunden. Wir suchen f\u00fcr jeden Markt, auf dem wir t\u00e4tig sind, nach zuverl\u00e4ssigen Partnern und tragen zum Aufbau der Beziehung bei, um zuverl\u00e4ssige und sichere Lieferungen und Transporte Ihrer Produkte zu garantieren.<\/p>\n<p>&nbsp;<\/p>\n<p>Kontaktieren Sie uns gerne, um mehr Informationen dazu zu erhalten, wie wir Ihr Unternehmen dabei unterst\u00fctzen k\u00f6nnen, einen zuverl\u00e4ssigen Transportpartner zu finden.[\/vc_column_text][vc_empty_space][\/vc_column][\/vc_row][vc_row css_animation=&#8220;&#8220; row_type=&#8220;row&#8220; use_row_as_full_screen_section=&#8220;no&#8220; type=&#8220;full_width&#8220; angled_section=&#8220;no&#8220; text_align=&#8220;left&#8220; background_image_as_pattern=&#8220;without_pattern&#8220; z_index=&#8220;&#8220;][vc_column]<div class=\"call_to_action with_icon\" style=\"background-color: #1e73be;\"><div class=\"two_columns_75_25 clearfix\"><div class=\"text_wrapper column1\"><div class=\"call_to_action_icon_holder\"><div class=\"call_to_action_icon\"><div class=\"call_to_action_icon_inner\"><i class='fa fa-envelope pull-left . fa-2x'><\/i><\/div><\/div><\/div><div class=\"call_to_action_text \" style=\"\">Bitte senden Sie Angebotsanfragen an unsere E-Mail-Adresse: <a href=\"mailto:transport@euromontlogistic.rs\">transport@euromontlogistic.rs<\/a><\/div><\/div><\/div><\/div>[\/vc_column][\/vc_row]<\/p>\n","protected":false},"excerpt":{"rendered":"<p>[vc_row css_animation=&#8220;&#8220; row_type=&#8220;row&#8220; use_row_as_full_screen_section=&#8220;no&#8220; type=&#8220;grid&#8220; angled_section=&#8220;no&#8220; text_align=&#8220;left&#8220; background_image_as_pattern=&#8220;without_pattern&#8220; z_index=&#8220;&#8220;][vc_column][vc_empty_space][vc_column_text]EUROMONT LOGISTIC erm\u00f6glicht seinen Kunden den schnellen und zuverl\u00e4ssigen Warentransport an die gew\u00fcnschten Zielorte und vereint dabei effiziente und schnelle L\u00f6sungen aus dem Bereich Transport, Logistik und Spedition. Der Transport der gelagerten Waren wird vom hauseigenen Unternehmen&#8230;<\/p>\n","protected":false},"author":1,"featured_media":0,"parent":0,"menu_order":0,"comment_status":"closed","ping_status":"closed","template":"full_width.php","meta":{"_mi_skip_tracking":false,"_monsterinsights_sitenote_active":false,"_monsterinsights_sitenote_note":"","_monsterinsights_sitenote_category":0,"footnotes":""},"class_list":["post-1969","page","type-page","status-publish","hentry"],"_links":{"self":[{"href":"https:\/\/euromontlogistic.rs\/index.php\/wp-json\/wp\/v2\/pages\/1969","targetHints":{"allow":["GET"]}}],"collection":[{"href":"https:\/\/euromontlogistic.rs\/index.php\/wp-json\/wp\/v2\/pages"}],"about":[{"href":"https:\/\/euromontlogistic.rs\/index.php\/wp-json\/wp\/v2\/types\/page"}],"author":[{"embeddable":true,"href":"https:\/\/euromontlogistic.rs\/index.php\/wp-json\/wp\/v2\/users\/1"}],"replies":[{"embeddable":true,"href":"https:\/\/euromontlogistic.rs\/index.php\/wp-json\/wp\/v2\/comments?post=1969"}],"version-history":[{"count":1,"href":"https:\/\/euromontlogistic.rs\/index.php\/wp-json\/wp\/v2\/pages\/1969\/revisions"}],"predecessor-version":[{"id":1970,"href":"https:\/\/euromontlogistic.rs\/index.php\/wp-json\/wp\/v2\/pages\/1969\/revisions\/1970"}],"wp:attachment":[{"href":"https:\/\/euromontlogistic.rs\/index.php\/wp-json\/wp\/v2\/media?parent=1969"}],"curies":[{"name":"wp","href":"https:\/\/api.w.org\/{rel}","templated":true}]}}