{"id":2021,"date":"2020-02-02T22:15:37","date_gmt":"2020-02-02T22:15:37","guid":{"rendered":"http:\/\/euromontlogistic.rs\/index.php\/zollvermittlung\/"},"modified":"2020-02-02T22:15:39","modified_gmt":"2020-02-02T22:15:39","slug":"zollvermittlung","status":"publish","type":"page","link":"https:\/\/euromontlogistic.rs\/index.php\/zollvermittlung\/?lang=de","title":{"rendered":"ZOLLVERMITTLUNG"},"content":{"rendered":"<p>[vc_row css_animation=&#8220;&#8220; row_type=&#8220;row&#8220; use_row_as_full_screen_section=&#8220;no&#8220; type=&#8220;grid&#8220; angled_section=&#8220;no&#8220; text_align=&#8220;left&#8220; background_image_as_pattern=&#8220;without_pattern&#8220; padding_top=&#8220;40&#8243; padding_bottom=&#8220;30&#8243; z_index=&#8220;&#8220;][vc_column][vc_column_text]Unsere autorisierten Zollagenten mit langj\u00e4hriger Erfahrung \u00fcbernehmen alle Vorg\u00e4nge der Zollvertretung auf professionelle und fachkundige Art.[\/vc_column_text][\/vc_column][\/vc_row][vc_row css_animation=&#8220;&#8220; row_type=&#8220;row&#8220; use_row_as_full_screen_section=&#8220;no&#8220; type=&#8220;grid&#8220; angled_section=&#8220;no&#8220; text_align=&#8220;left&#8220; background_image_as_pattern=&#8220;without_pattern&#8220; padding_top=&#8220;20&#8243; padding_bottom=&#8220;20&#8243; z_index=&#8220;&#8220; css=&#8220;.vc_custom_1574022427737{background-color: rgba(30,115,190,0.16) !important;*background-color: rgb(30,115,190) !important;}&#8220;][vc_column][vc_column_text]Im Rahmen einer integrierten Dienstleistung garantieren wir Ihnen bei der Ein- oder Ausfuhr einen reibungslosen Ablauf durch die Beschaffung der ben\u00f6tigten Dokumente und die Einreichung der erforderlichen Zollpapiere. Sollte Ihre Ware besondere Inspektionen erfordern, \u00fcberlassen Sie diese gerne uns.[\/vc_column_text][vc_empty_space][\/vc_column][\/vc_row][vc_row css_animation=&#8220;&#8220; row_type=&#8220;row&#8220; use_row_as_full_screen_section=&#8220;no&#8220; type=&#8220;grid&#8220; angled_section=&#8220;no&#8220; text_align=&#8220;left&#8220; background_image_as_pattern=&#8220;without_pattern&#8220; padding_top=&#8220;20&#8243; padding_bottom=&#8220;20&#8243; z_index=&#8220;&#8220;][vc_column][vc_column_text]<\/p>\n<p>Im Bereich der Zollvermittlung finden wir f\u00fcr unsere Kunden die besten L\u00f6sungen, die ihr Gesch\u00e4ft vorantreiben und die Kosten senken. Unser Fachpersonal und der Einsatz modernster Softwarel\u00f6sungen erm\u00f6glichen eine pr\u00e4zise und rechtzeitige Abwicklung aller Zollverfahren.[\/vc_column_text][vc_empty_space][\/vc_column][\/vc_row][vc_row css_animation=&#8220;&#8220; row_type=&#8220;row&#8220; use_row_as_full_screen_section=&#8220;no&#8220; type=&#8220;full_width&#8220; angled_section=&#8220;no&#8220; text_align=&#8220;left&#8220; background_image_as_pattern=&#8220;without_pattern&#8220;][vc_column]<div class=\"call_to_action with_icon\" style=\"background-color: #1e73be;\"><div class=\"container_inner\"><div class=\"two_columns_75_25 clearfix\"><div class=\"text_wrapper column1\"><div class=\"call_to_action_icon_holder\"><div class=\"call_to_action_icon\"><div class=\"call_to_action_icon_inner\"><i class='fa fa-envelope pull-left . fa-2x'><\/i><\/div><\/div><\/div><div class=\"call_to_action_text \" style=\"\">Bitte senden Sie Angebotsanfragen an unsere E-Mail-Adresse: carina@euromontlogistic.rs<\/div><\/div><\/div><\/div><\/div>[\/vc_column][\/vc_row]<\/p>\n","protected":false},"excerpt":{"rendered":"<p>[vc_row css_animation=&#8220;&#8220; row_type=&#8220;row&#8220; use_row_as_full_screen_section=&#8220;no&#8220; type=&#8220;grid&#8220; angled_section=&#8220;no&#8220; text_align=&#8220;left&#8220; background_image_as_pattern=&#8220;without_pattern&#8220; padding_top=&#8220;40&#8243; padding_bottom=&#8220;30&#8243; z_index=&#8220;&#8220;][vc_column][vc_column_text]Unsere autorisierten Zollagenten mit langj\u00e4hriger Erfahrung \u00fcbernehmen alle Vorg\u00e4nge der Zollvertretung auf professionelle und fachkundige Art.[\/vc_column_text][\/vc_column][\/vc_row][vc_row css_animation=&#8220;&#8220; row_type=&#8220;row&#8220; use_row_as_full_screen_section=&#8220;no&#8220; type=&#8220;grid&#8220; angled_section=&#8220;no&#8220; text_align=&#8220;left&#8220; background_image_as_pattern=&#8220;without_pattern&#8220; padding_top=&#8220;20&#8243; padding_bottom=&#8220;20&#8243; z_index=&#8220;&#8220; css=&#8220;.vc_custom_1574022427737{background-color: rgba(30,115,190,0.16) !important;*background-color: rgb(30,115,190) !important;}&#8220;][vc_column][vc_column_text]Im Rahmen einer integrierten Dienstleistung&#8230;<\/p>\n","protected":false},"author":1,"featured_media":0,"parent":0,"menu_order":0,"comment_status":"closed","ping_status":"closed","template":"full_width.php","meta":{"_mi_skip_tracking":false,"_monsterinsights_sitenote_active":false,"_monsterinsights_sitenote_note":"","_monsterinsights_sitenote_category":0,"footnotes":""},"class_list":["post-2021","page","type-page","status-publish","hentry"],"_links":{"self":[{"href":"https:\/\/euromontlogistic.rs\/index.php\/wp-json\/wp\/v2\/pages\/2021","targetHints":{"allow":["GET"]}}],"collection":[{"href":"https:\/\/euromontlogistic.rs\/index.php\/wp-json\/wp\/v2\/pages"}],"about":[{"href":"https:\/\/euromontlogistic.rs\/index.php\/wp-json\/wp\/v2\/types\/page"}],"author":[{"embeddable":true,"href":"https:\/\/euromontlogistic.rs\/index.php\/wp-json\/wp\/v2\/users\/1"}],"replies":[{"embeddable":true,"href":"https:\/\/euromontlogistic.rs\/index.php\/wp-json\/wp\/v2\/comments?post=2021"}],"version-history":[{"count":1,"href":"https:\/\/euromontlogistic.rs\/index.php\/wp-json\/wp\/v2\/pages\/2021\/revisions"}],"predecessor-version":[{"id":2022,"href":"https:\/\/euromontlogistic.rs\/index.php\/wp-json\/wp\/v2\/pages\/2021\/revisions\/2022"}],"wp:attachment":[{"href":"https:\/\/euromontlogistic.rs\/index.php\/wp-json\/wp\/v2\/media?parent=2021"}],"curies":[{"name":"wp","href":"https:\/\/api.w.org\/{rel}","templated":true}]}}