{"id":2033,"date":"2020-02-02T22:20:20","date_gmt":"2020-02-02T22:20:20","guid":{"rendered":"http:\/\/euromontlogistic.rs\/index.php\/informationstechnologie\/"},"modified":"2020-02-02T22:20:24","modified_gmt":"2020-02-02T22:20:24","slug":"informationstechnologie","status":"publish","type":"page","link":"https:\/\/euromontlogistic.rs\/index.php\/informationstechnologie\/?lang=de","title":{"rendered":"INFORMATIONSTECHNOLOGIE"},"content":{"rendered":"<p>[vc_row css_animation=&#8220;&#8220; row_type=&#8220;row&#8220; use_row_as_full_screen_section=&#8220;no&#8220; type=&#8220;grid&#8220; angled_section=&#8220;no&#8220; text_align=&#8220;left&#8220; background_image_as_pattern=&#8220;without_pattern&#8220; padding_top=&#8220;40&#8243; padding_bottom=&#8220;40&#8243; z_index=&#8220;&#8220;][vc_column][vc_column_text]Technologien sind zentraler Bestandteil der heutigen Gesch\u00e4ftswelt und die Art, auf die Technologien eingesetzt werden, ist von grundlegender Bedeutung. Unser Gesch\u00e4ftssystem besteht nicht nur aus Technologie, sondern schlie\u00dft auch die erfahrenen Menschen ein, die Spitzen-Hardware und -Software verwenden, um die Bed\u00fcrfnisse der Nutzer unserer Dienstleistungen noch zu \u00fcbertreffen.<br \/>\n Euromont Logistic bietet L\u00f6sungen, die f\u00fcr eine einfache Arbeitsausf\u00fchrung erforderlich sind:[\/vc_column_text][\/vc_column][\/vc_row][vc_row css_animation=&#8220;&#8220; row_type=&#8220;row&#8220; use_row_as_full_screen_section=&#8220;no&#8220; type=&#8220;grid&#8220; angled_section=&#8220;no&#8220; text_align=&#8220;left&#8220; background_image_as_pattern=&#8220;without_pattern&#8220; padding_top=&#8220;40&#8243; padding_bottom=&#8220;40&#8243; z_index=&#8220;&#8220; css=&#8220;.vc_custom_1574020096324{background-color: rgba(30,115,190,0.16) !important;*background-color: rgb(30,115,190) !important;}&#8220;][vc_column width=&#8220;1\/2&#8243;][vc_column_text]<\/p>\n<ul>\n<li>Hohe Verf\u00fcgbarkeit des Systems f\u00fcr die zentrale Datenarchivierung zur Sicherstellung der Gesch\u00e4ftskontinuit\u00e4t.<\/li>\n<li>Arbeit mit einem sicheren Netzsystem<\/li>\n<li>Die Datensicherheit und Zugriffsgeschwindigkeit wird durch einen hochwertigen und zuverl\u00e4ssigen Serverrechner garantiert, der mithilfe einer stabilen und schnellen Netzinfrastruktur die Datensicherheit und eine konstante Zugriffsgeschwindigkeit sicherstellt.<\/li>\n<li>Elektronischer Datenaustausch \u00fcber eine Applikation<\/li>\n<li>Integration, die eine Synchronisation der Daten und Applikationen, der Hardware und der Netzinfrastruktur erforderlich macht.<\/li>\n<\/ul>\n<p>[\/vc_column_text][\/vc_column][vc_column width=&#8220;1\/2&#8243;][vc_column_text]<\/p>\n<ul>\n<li>L\u00f6sungen f\u00fcr besondere Anforderungen der Warenmarkierung und -verfolgung<\/li>\n<li>Wir konzentrieren uns auf \u00f6konomische und rechtzeitige L\u00f6sungen in Gesch\u00e4ftsapplikationen, Systemintegrationen und Infrastrukturr\u00e4umen.<\/li>\n<li>\u00dcberwachung und Messung der Produktivit\u00e4t<\/li>\n<li>Barcode-Identifikation \/ RF-Ger\u00e4te<\/li>\n<li>RFID (Datensendung und -empfang aus der Distanz)<\/li>\n<li>Online-Support f\u00fcr die Applikation rund um die Uhr an 365 Tagen im Jahr<\/li>\n<li>Beratungsdienstleistungen<\/li>\n<\/ul>\n<p>[\/vc_column_text][\/vc_column][\/vc_row][vc_row css_animation=&#8220;&#8220; row_type=&#8220;row&#8220; use_row_as_full_screen_section=&#8220;no&#8220; type=&#8220;grid&#8220; angled_section=&#8220;no&#8220; text_align=&#8220;left&#8220; background_image_as_pattern=&#8220;without_pattern&#8220; z_index=&#8220;&#8220;][vc_column][vc_column_text]Wir setzen die modernsten IT-L\u00f6sungen ein, um eine hohe Dienstleistungsqualit\u00e4t zu gew\u00e4hrleisten und die Zufriedenheit unserer Kunden zu steigern. Unser Lagerverwaltungssystem (LVS) ist ein Schl\u00fcsselaspekt in der Organisation der Lieferkette und sein Hauptzweck liegt in der Warenbewegung im Lager \u00fcber die Verfolgung und Kontrolle logistischer Prozesse. Das LVS ist mit dem intern entwickelten Informationssystem (ERP) verbunden.[\/vc_column_text][vc_single_image image=&#8220;960&#8243; img_size=&#8220;large&#8220; alignment=&#8220;center&#8220; onclick=&#8220;link_image&#8220; qode_css_animation=&#8220;&#8220; qode_hover_animation=&#8220;zoom_in&#8220;][vc_column_text]Konzentrieren Sie sich auf Ihre Vision und wir helfen Ihnen dabei, Ihr Ziel zu erreichen![\/vc_column_text][vc_empty_space][\/vc_column][\/vc_row][vc_row css_animation=&#8220;&#8220; row_type=&#8220;row&#8220; use_row_as_full_screen_section=&#8220;no&#8220; type=&#8220;full_width&#8220; angled_section=&#8220;no&#8220; text_align=&#8220;left&#8220; background_image_as_pattern=&#8220;without_pattern&#8220; z_index=&#8220;&#8220;][vc_column]<div class=\"call_to_action with_icon\" style=\"background-color: #1e73be;\"><div class=\"container_inner\"><div class=\"two_columns_75_25 clearfix\"><div class=\"text_wrapper column1\"><div class=\"call_to_action_icon_holder\"><div class=\"call_to_action_icon\"><div class=\"call_to_action_icon_inner\"><i class='fa fa-envelope pull-left . fa-2x'><\/i><\/div><\/div><\/div><div class=\"call_to_action_text  font_weight_inherit\" style=\"font-weight: 500;\"><br \/>\nBitte senden Sie Angebotsanfragen an unsere E-Mail-Adresse: it@euromontlogistic.rs<br \/>\n<\/div><\/div><\/div><\/div><\/div>[\/vc_column][\/vc_row]<\/p>\n","protected":false},"excerpt":{"rendered":"<p>[vc_row css_animation=&#8220;&#8220; row_type=&#8220;row&#8220; use_row_as_full_screen_section=&#8220;no&#8220; type=&#8220;grid&#8220; angled_section=&#8220;no&#8220; text_align=&#8220;left&#8220; background_image_as_pattern=&#8220;without_pattern&#8220; padding_top=&#8220;40&#8243; padding_bottom=&#8220;40&#8243; z_index=&#8220;&#8220;][vc_column][vc_column_text]Technologien sind zentraler Bestandteil der heutigen Gesch\u00e4ftswelt und die Art, auf die Technologien eingesetzt werden, ist von grundlegender Bedeutung. Unser Gesch\u00e4ftssystem besteht nicht nur aus Technologie, sondern schlie\u00dft auch die erfahrenen Menschen ein, die Spitzen-Hardware&#8230;<\/p>\n","protected":false},"author":1,"featured_media":0,"parent":0,"menu_order":0,"comment_status":"closed","ping_status":"closed","template":"full_width.php","meta":{"_mi_skip_tracking":false,"_monsterinsights_sitenote_active":false,"_monsterinsights_sitenote_note":"","_monsterinsights_sitenote_category":0,"footnotes":""},"class_list":["post-2033","page","type-page","status-publish","hentry"],"_links":{"self":[{"href":"https:\/\/euromontlogistic.rs\/index.php\/wp-json\/wp\/v2\/pages\/2033","targetHints":{"allow":["GET"]}}],"collection":[{"href":"https:\/\/euromontlogistic.rs\/index.php\/wp-json\/wp\/v2\/pages"}],"about":[{"href":"https:\/\/euromontlogistic.rs\/index.php\/wp-json\/wp\/v2\/types\/page"}],"author":[{"embeddable":true,"href":"https:\/\/euromontlogistic.rs\/index.php\/wp-json\/wp\/v2\/users\/1"}],"replies":[{"embeddable":true,"href":"https:\/\/euromontlogistic.rs\/index.php\/wp-json\/wp\/v2\/comments?post=2033"}],"version-history":[{"count":1,"href":"https:\/\/euromontlogistic.rs\/index.php\/wp-json\/wp\/v2\/pages\/2033\/revisions"}],"predecessor-version":[{"id":2034,"href":"https:\/\/euromontlogistic.rs\/index.php\/wp-json\/wp\/v2\/pages\/2033\/revisions\/2034"}],"wp:attachment":[{"href":"https:\/\/euromontlogistic.rs\/index.php\/wp-json\/wp\/v2\/media?parent=2033"}],"curies":[{"name":"wp","href":"https:\/\/api.w.org\/{rel}","templated":true}]}}