{"id":2421,"date":"2020-02-03T08:17:57","date_gmt":"2020-02-03T08:17:57","guid":{"rendered":"http:\/\/euromontlogistic.rs\/index.php\/posizione\/"},"modified":"2020-02-03T08:18:00","modified_gmt":"2020-02-03T08:18:00","slug":"posizione","status":"publish","type":"page","link":"https:\/\/euromontlogistic.rs\/index.php\/posizione\/?lang=it","title":{"rendered":"Posizione"},"content":{"rendered":"<p>[vc_row css_animation=&#8220;&#8220; row_type=&#8220;row&#8220; use_row_as_full_screen_section=&#8220;no&#8220; type=&#8220;grid&#8220; angled_section=&#8220;no&#8220; text_align=&#8220;left&#8220; background_image_as_pattern=&#8220;without_pattern&#8220; padding_top=&#8220;90&#8243; padding_bottom=&#8220;90&#8243; z_index=&#8220;&#8220;][vc_column width=&#8220;1\/2&#8243;][vc_column_text]EUROMONT LOGISTIC si trova all&#8217;incrocio tra l&#8217;autostrada internazionale E75 e la strada di Zrenjanin (Ib corsia n. 13), proprio all&#8217;ingresso di Novi Sad Est. Una delle caratteristiche principali di questa posizione \u00e8 che il 65% del traffico stradale avviene proprio a questa localit\u00e0.<\/p>\n<p>Il trasporto su autpcarri rappresenta il mezzo principale e il fattore chiave di questa localit\u00e0.<\/p>\n<p>Un altro fattore chiave di questa ubicazione \u00e8 l&#8217;abbondanza di risorse umane, che \u00e8 un fatto molto importante per il centro di distribuzione e logistica.<\/p>\n<p>Novi Sad, come la capitale della provincia di Vojvodina, dista 80 km da Belgrado, 95 km da Subotica, 130 km da Vr\u0161ac e 205 km da \u010ca\u010dak. Siamo situati al centro di tutti i valichi di frontiera.<\/p>\n<p>Novi Sad, come citt\u00e0, rappresenta una localit\u00e0 adeguata, perch\u00e9 \u00e8 trasparente, con una quantit\u00e0 sufficiente di manodopera e una leggera concentrazione del traffico, che consente lo svolgimento efficiente ed efficace dell\u2019attivit\u00e0.[\/vc_column_text][\/vc_column][vc_column width=&#8220;1\/2&#8243;][vc_single_image image=&#8220;1130&#8243; img_size=&#8220;large&#8220; qode_css_animation=&#8220;&#8220;][\/vc_column][\/vc_row][vc_row css_animation=&#8220;&#8220; row_type=&#8220;row&#8220; use_row_as_full_screen_section=&#8220;no&#8220; type=&#8220;full_width&#8220; angled_section=&#8220;no&#8220; text_align=&#8220;left&#8220; background_image_as_pattern=&#8220;without_pattern&#8220;][vc_column][vc_gmaps link=&#8220;#E-8_JTNDaWZyYW1lJTIwc3JjJTNEJTIyaHR0cHMlM0ElMkYlMkZ3d3cuZ29vZ2xlLmNvbSUyRm1hcHMlMkZlbWJlZCUzRnBiJTNEJTIxMW0xOCUyMTFtMTIlMjExbTMlMjExZDc5MzkuNDczNzI2ODEwOTcyJTIxMmQxOS44Mzc2ODM0MzU5OTIxMSUyMTNkNDUuMjg3NjU4ODMwNjg1NiUyMTJtMyUyMTFmMCUyMTJmMCUyMTNmMCUyMTNtMiUyMTFpMTAyNCUyMTJpNzY4JTIxNGYxMy4xJTIxM20zJTIxMW0yJTIxMXMweDAlMjUzQTB4NDQyZWJhYjYxOTc4NWY1NyUyMTJzRVVST01PTlQlMjUyMExPR0lTVElDJTI1MjBkb28lMjE1ZTAlMjEzbTIlMjExc2VuJTIxMnNycyUyMTR2MTU3NDI0NTczMjM0NSUyMTVtMiUyMTFzZW4lMjEyc3JzJTIyJTIwd2lkdGglM0QlMjI2MDAlMjIlMjBoZWlnaHQlM0QlMjI0NTAlMjIlMjBmcmFtZWJvcmRlciUzRCUyMjAlMjIlMjBzdHlsZSUzRCUyMmJvcmRlciUzQTAlM0IlMjIlMjBhbGxvd2Z1bGxzY3JlZW4lM0QlMjIlMjIlM0UlM0MlMkZpZnJhbWUlM0U=&#8220;][\/vc_column][\/vc_row]<\/p>\n","protected":false},"excerpt":{"rendered":"<p>[vc_row css_animation=&#8220;&#8220; row_type=&#8220;row&#8220; use_row_as_full_screen_section=&#8220;no&#8220; type=&#8220;grid&#8220; angled_section=&#8220;no&#8220; text_align=&#8220;left&#8220; background_image_as_pattern=&#8220;without_pattern&#8220; padding_top=&#8220;90&#8243; padding_bottom=&#8220;90&#8243; z_index=&#8220;&#8220;][vc_column width=&#8220;1\/2&#8243;][vc_column_text]EUROMONT LOGISTIC si trova all&#8217;incrocio tra l&#8217;autostrada internazionale E75 e la strada di Zrenjanin (Ib corsia n. 13), proprio all&#8217;ingresso di Novi Sad Est. Una delle caratteristiche principali di questa posizione \u00e8 che il&#8230;<\/p>\n","protected":false},"author":1,"featured_media":0,"parent":0,"menu_order":0,"comment_status":"closed","ping_status":"closed","template":"full_width.php","meta":{"_mi_skip_tracking":false,"_monsterinsights_sitenote_active":false,"_monsterinsights_sitenote_note":"","_monsterinsights_sitenote_category":0,"footnotes":""},"class_list":["post-2421","page","type-page","status-publish","hentry"],"_links":{"self":[{"href":"https:\/\/euromontlogistic.rs\/index.php\/wp-json\/wp\/v2\/pages\/2421","targetHints":{"allow":["GET"]}}],"collection":[{"href":"https:\/\/euromontlogistic.rs\/index.php\/wp-json\/wp\/v2\/pages"}],"about":[{"href":"https:\/\/euromontlogistic.rs\/index.php\/wp-json\/wp\/v2\/types\/page"}],"author":[{"embeddable":true,"href":"https:\/\/euromontlogistic.rs\/index.php\/wp-json\/wp\/v2\/users\/1"}],"replies":[{"embeddable":true,"href":"https:\/\/euromontlogistic.rs\/index.php\/wp-json\/wp\/v2\/comments?post=2421"}],"version-history":[{"count":1,"href":"https:\/\/euromontlogistic.rs\/index.php\/wp-json\/wp\/v2\/pages\/2421\/revisions"}],"predecessor-version":[{"id":2422,"href":"https:\/\/euromontlogistic.rs\/index.php\/wp-json\/wp\/v2\/pages\/2421\/revisions\/2422"}],"wp:attachment":[{"href":"https:\/\/euromontlogistic.rs\/index.php\/wp-json\/wp\/v2\/media?parent=2421"}],"curies":[{"name":"wp","href":"https:\/\/api.w.org\/{rel}","templated":true}]}}