{"id":317,"date":"2018-05-07T12:08:05","date_gmt":"2018-05-07T12:08:05","guid":{"rendered":"http:\/\/bridge231.qodeinteractive.com\/?page_id=317"},"modified":"2020-07-23T08:32:26","modified_gmt":"2020-07-23T07:32:26","slug":"euromont-logistic","status":"publish","type":"page","link":"https:\/\/euromontlogistic.rs\/index.php\/euromont-logistic\/","title":{"rendered":"Euromont Logistic"},"content":{"rendered":"<p>[vc_row css_animation=&#8220;&#8220; row_type=&#8220;row&#8220; use_row_as_full_screen_section=&#8220;no&#8220; type=&#8220;grid&#8220; angled_section=&#8220;no&#8220; text_align=&#8220;left&#8220; background_image_as_pattern=&#8220;without_pattern&#8220; padding_top=&#8220;30&#8243; padding_bottom=&#8220;10&#8243; z_index=&#8220;&#8220; css=&#8220;.vc_custom_1574271648629{border-right-width: 40px !important;border-left-width: 40px !important;}&#8220;][vc_column width=&#8220;1\/2&#8243;][vc_column_text]Euromont Logistic je mlada kompanija koja se dinami\u010dno razvija, prati promene na tr\u017ei\u0161tu i uvek spremna da udovolji zahtevima klijenata.<\/p>\n<p>Na\u0161a posve\u0107enost klijentu sastoji se od kvalitetnih profesionalnih uluga koje pru\u017eamo sa ponosom i sigurno\u0161\u0107u i uvek na vreme.<\/p>\n<p>Snagu na\u0161e kompanije \u010dini na\u0161a radna snaga. Ohrabrujemo na\u0161e zaposlene da budu odlu\u010dni, kreativni, inovativni i te\u017eimo da postignemo najvi\u0161i nivo zadovoljstva. Sna\u017ean ose\u0107aj timskog rada i otvorene komunikacije pru\u017eaju najbolje mogu\u0107e rezultate kako na\u0161oj kompaniji tako i na\u0161im klijentima.[\/vc_column_text][vc_empty_space][vc_column_text css=&#8220;.vc_custom_1574270914666{padding-top: 20px !important;padding-bottom: 20px !important;background-color: #1e73be !important;background-position: center !important;background-repeat: no-repeat !important;background-size: contain !important;}&#8220;]<\/p>\n<p style=\"padding-left: 40px;\"><strong><span style=\"color: #ffffff;\">Mi smo tim koji se brine o Va\u0161em lancu snabdevanja.<\/span><\/strong><\/p>\n<p style=\"padding-left: 40px;\"><strong><span style=\"color: #ffffff;\">Osnovni cilj na\u0161e kompanije jeste da stvori strate\u0161ku vrednost i konkurentnu prednost za svoje klijente.<\/span><\/strong><\/p>\n<p>[\/vc_column_text][vc_empty_space]<a  itemprop=\"url\" href=\"http:\/\/euromontlogistic.rs\/wp-content\/uploads\/2019\/11\/IDENTIFIKACIONI-PODACI.pdf\" target=\"_self\"  class=\"qbutton  small center default  qode-button-shadow\" style=\"color: #ffffff; background-color: #dd3333;\">PREUZMITE (PDF) - IDENTIFIKACIONE PODATKE FIRME<\/a>[\/vc_column][vc_column width=&#8220;1\/4&#8243;]<div class=\"image_with_text\"><img decoding=\"async\" itemprop=\"image\" src=\"https:\/\/euromontlogistic.rs\/wp-content\/uploads\/2019\/11\/vizija1.jpg\" alt=\"NA\u0160A VIZIJA:\" \/><h3 >NA\u0160A VIZIJA:<\/h3><span style=\"margin: 6px 0px;\" class=\"separator transparent\"><\/span><\/p>\n<p style=\"text-align: left;\">Te\u017eimo da postanemo strate\u0161ki partner kompanijama i da pove\u0107avamo vrednost njihovog proizvoda kroz logistiku i transport.<\/p>\n<p><\/div>[\/vc_column][vc_column width=&#8220;1\/4&#8243;]<div class=\"image_with_text\"><img decoding=\"async\" itemprop=\"image\" src=\"https:\/\/euromontlogistic.rs\/wp-content\/uploads\/2019\/11\/misija1.jpg\" alt=\"NA\u0160A MISIJA:\" \/><h3 >NA\u0160A MISIJA:<\/h3><span style=\"margin: 6px 0px;\" class=\"separator transparent\"><\/span><\/p>\n<p style=\"text-align: left;\">Euromont Logistic je savremena, inovativna i tr\u017ei\u0161no orijentisana organizacija koja je usmerena da pru\u017ei svojim klijentima sigurnost, efikasnost i fleksibilnost usluga skladi\u0161tenja, logistike, transporta i carinjenja uz pomo\u0107 inovativnih i prakti\u010dnih re\u0161enja.<\/p>\n<p><\/div>[\/vc_column][\/vc_row][vc_row css_animation=&#8220;&#8220; row_type=&#8220;row&#8220; use_row_as_full_screen_section=&#8220;no&#8220; type=&#8220;grid&#8220; angled_section=&#8220;no&#8220; text_align=&#8220;left&#8220; background_image_as_pattern=&#8220;without_pattern&#8220; padding_top=&#8220;30&#8243; padding_bottom=&#8220;30&#8243; z_index=&#8220;&#8220; css=&#8220;.vc_custom_1574271697493{border-right-width: 40px !important;border-left-width: 40px !important;background-color: rgba(30,115,190,0.16) !important;*background-color: rgb(30,115,190) !important;}&#8220;][vc_column width=&#8220;1\/5&#8243;]<div class=\"q_counter_holder  center\" style=\"\"><span class=\"counter  zero\" style=\"color: #1e73be;font-size: 38px;font-weight: 700;\">7432 m2<\/span><p class=\"counter_text\" style=\"font-size: 17px;font-weight: 500;text-transform: uppercase;\">Skladi\u0161ni prostor (m2)<\/p><\/div>[\/vc_column][vc_column width=&#8220;1\/5&#8243;]<div class=\"q_counter_holder  center\" style=\"\"><span class=\"counter  zero\" style=\"color: #1e73be;font-size: 38px;font-weight: 700;\">6<\/span><p class=\"counter_text\" style=\"font-size: 17px;font-weight: 500;text-transform: uppercase;\">Utovarno\/<br \/>\nistovarne rampe<\/p><\/div>[\/vc_column][vc_column width=&#8220;1\/5&#8243;]<div class=\"q_counter_holder  center\" style=\"\"><span class=\"counter  zero\" style=\"color: #1e73be;font-size: 38px;font-weight: 700;\">10000<\/span><p class=\"counter_text\" style=\"font-size: 17px;font-weight: 500;text-transform: none;\">PALETNA MESTA<\/p><\/div>[\/vc_column][vc_column width=&#8220;1\/5&#8243;]<div class=\"q_counter_holder  center\" style=\"\"><span class=\"counter  zero\" style=\"color: #1e73be;font-size: 38px;font-weight: 700;\">6000<\/span><p class=\"counter_text\" style=\"font-size: 17px;font-weight: 500;text-transform: uppercase;\">Hladnja\u010da (frigo) m3<\/p><\/div>[\/vc_column][vc_column width=&#8220;1\/5&#8243;]<div class=\"q_counter_holder  center\" style=\"\"><span class=\"counter  zero\" style=\"color: #1e73be;font-size: 38px;font-weight: 700;\">4<\/span><p class=\"counter_text\" style=\"font-size: 17px;font-weight: 500;text-transform: uppercase;\">Utovarno\/<br \/>\nistovarne rampe<\/p><\/div>[\/vc_column][\/vc_row][vc_row css_animation=&#8220;&#8220; row_type=&#8220;row&#8220; use_row_as_full_screen_section=&#8220;no&#8220; type=&#8220;grid&#8220; angled_section=&#8220;no&#8220; text_align=&#8220;left&#8220; background_image_as_pattern=&#8220;without_pattern&#8220; z_index=&#8220;&#8220; padding_top=&#8220;20&#8243;][vc_column][vc_single_image image=&#8220;965&#8243; img_size=&#8220;large&#8220; alignment=&#8220;center&#8220; onclick=&#8220;link_image&#8220; qode_css_animation=&#8220;&#8220; title=&#8220;ZA\u0160TO IZABRATI EUROMONT LOGISTIC?&#8220;][\/vc_column][\/vc_row][vc_row css_animation=&#8220;&#8220; row_type=&#8220;row&#8220; use_row_as_full_screen_section=&#8220;no&#8220; type=&#8220;full_width&#8220; angled_section=&#8220;no&#8220; text_align=&#8220;left&#8220; background_image_as_pattern=&#8220;without_pattern&#8220;][vc_column][vc_empty_space][\/vc_column][\/vc_row]<\/p>\n","protected":false},"excerpt":{"rendered":"<p>[vc_row css_animation=&#8220;&#8220; row_type=&#8220;row&#8220; use_row_as_full_screen_section=&#8220;no&#8220; type=&#8220;grid&#8220; angled_section=&#8220;no&#8220; text_align=&#8220;left&#8220; background_image_as_pattern=&#8220;without_pattern&#8220; padding_top=&#8220;30&#8243; padding_bottom=&#8220;10&#8243; z_index=&#8220;&#8220; css=&#8220;.vc_custom_1574271648629{border-right-width: 40px !important;border-left-width: 40px !important;}&#8220;][vc_column width=&#8220;1\/2&#8243;][vc_column_text]Euromont Logistic je mlada kompanija koja se dinami\u010dno razvija, prati promene na tr\u017ei\u0161tu i uvek spremna da udovolji zahtevima klijenata. Na\u0161a posve\u0107enost klijentu sastoji se od kvalitetnih profesionalnih uluga&#8230;<\/p>\n","protected":false},"author":1,"featured_media":0,"parent":0,"menu_order":0,"comment_status":"closed","ping_status":"closed","template":"full_width.php","meta":{"_mi_skip_tracking":false,"_monsterinsights_sitenote_active":false,"_monsterinsights_sitenote_note":"","_monsterinsights_sitenote_category":0,"footnotes":""},"class_list":["post-317","page","type-page","status-publish","hentry"],"_links":{"self":[{"href":"https:\/\/euromontlogistic.rs\/index.php\/wp-json\/wp\/v2\/pages\/317","targetHints":{"allow":["GET"]}}],"collection":[{"href":"https:\/\/euromontlogistic.rs\/index.php\/wp-json\/wp\/v2\/pages"}],"about":[{"href":"https:\/\/euromontlogistic.rs\/index.php\/wp-json\/wp\/v2\/types\/page"}],"author":[{"embeddable":true,"href":"https:\/\/euromontlogistic.rs\/index.php\/wp-json\/wp\/v2\/users\/1"}],"replies":[{"embeddable":true,"href":"https:\/\/euromontlogistic.rs\/index.php\/wp-json\/wp\/v2\/comments?post=317"}],"version-history":[{"count":147,"href":"https:\/\/euromontlogistic.rs\/index.php\/wp-json\/wp\/v2\/pages\/317\/revisions"}],"predecessor-version":[{"id":2536,"href":"https:\/\/euromontlogistic.rs\/index.php\/wp-json\/wp\/v2\/pages\/317\/revisions\/2536"}],"wp:attachment":[{"href":"https:\/\/euromontlogistic.rs\/index.php\/wp-json\/wp\/v2\/media?parent=317"}],"curies":[{"name":"wp","href":"https:\/\/api.w.org\/{rel}","templated":true}]}}