{"id":625,"date":"2019-11-06T10:56:14","date_gmt":"2019-11-06T10:56:14","guid":{"rendered":"http:\/\/euromontlogistic.rs\/?page_id=625"},"modified":"2020-07-22T14:37:00","modified_gmt":"2020-07-22T13:37:00","slug":"skladistenjeilogistika","status":"publish","type":"page","link":"https:\/\/euromontlogistic.rs\/index.php\/skladistenjeilogistika\/","title":{"rendered":"Skladi\u0161tenje i logistika"},"content":{"rendered":"<p>[vc_row css_animation=&#8220;&#8220; row_type=&#8220;row&#8220; use_row_as_full_screen_section=&#8220;no&#8220; type=&#8220;grid&#8220; angled_section=&#8220;no&#8220; text_align=&#8220;left&#8220; background_image_as_pattern=&#8220;without_pattern&#8220; z_index=&#8220;&#8220;][vc_column width=&#8220;2\/3&#8243;][vc_empty_space][vc_column_text]<\/p>\n<h5><span style=\"color: #3e69b5;\"><strong>SKLADI\u0160TE IMA KAPACITET ZA:<\/strong><\/span><\/h5>\n<p>Ambijentalno skladi\u0161tenje (opremljeno je savremenim visoko paletnim regalnim sistemom<br \/>\nkapaciteta 10.000 mesta);<\/p>\n<p>Frigo skladi\u0161tenje (za robu koja zahteva skladi\u0161tenje i \u010duvanje na regulisanim temperaturama i<br \/>\ndo &#8211; 30*, -40* na 6000 m3);<\/p>\n<p>Ukupno raspola\u017eemo sa 10 utovarno\/istovarnih rampi.<\/p>\n<p>Visoko regalno skladi\u0161te (High Bay Warehouse) je potpuno osiguran i siguran objekat.<\/p>\n<p>Sa Euromont Logistic- om upravljanje i rukovanje prilago\u0111enim, modernim i jednostavnim sistemom pomo\u0107i \u0107e Vam da pobolj\u0161ate Va\u0161e tokove robe, \u0161to je klju\u010d Euromont Logistic-a.<\/p>\n<p>Na\u0161i korisnici su spojeni pomo\u0107u aplikacije koja je instalirana na korisnikovom ra\u010dunaru, a direktno je povezana sa na\u0161im WMS sistemom, tako da korisnik na\u0161ih usluga, u svakom trenutku,\u00a0 ima uvid u koli\u010dinu robe, datume u na\u0161em skladi\u0161tu i sam mo\u017ee da pripremi robu za svoje klijente. Radimo sa poluautomatizovanim vilju\u0161karima marke Jungheinrich.[\/vc_column_text][vc_empty_space][\/vc_column][vc_column width=&#8220;1\/3&#8243;][vc_empty_space][vc_video link=&#8220;https:\/\/www.youtube.com\/watch?v=V09t42XLVS0&#8243;][\/vc_column][\/vc_row][vc_row css_animation=&#8220;&#8220; row_type=&#8220;row&#8220; use_row_as_full_screen_section=&#8220;no&#8220; type=&#8220;grid&#8220; angled_section=&#8220;no&#8220; text_align=&#8220;left&#8220; background_image_as_pattern=&#8220;without_pattern&#8220; padding_top=&#8220;40&#8243; padding_bottom=&#8220;40&#8243; z_index=&#8220;&#8220; background_color=&#8220;rgba(30,115,190,0.16)&#8220; css=&#8220;.vc_custom_1573775695895{background-color: #005ca2 !important;}&#8220;][vc_column width=&#8220;1\/3&#8243;][vc_column_text]<\/p>\n<h5><span style=\"color: #ffffff;\"><strong>NA\u0160E USLUGE SKLADI\u0160TENJA<br \/>\nUKLJU\u010cUJU, <\/strong><\/span><br \/>\n<span style=\"color: #ffffff;\"><strong>ALI NISU OGRANI\u010cENE NA:<\/strong><\/span><\/h5>\n<p>[\/vc_column_text][\/vc_column][vc_column width=&#8220;1\/3&#8243;][vc_column_text]<\/p>\n<ul>\n<li><strong><span style=\"color: #ffffff;\">SKLADI\u0160TENJE ROBE<\/span><\/strong><\/li>\n<li><strong><span style=\"color: #ffffff;\">RF I BARKODIRANJE<\/span><\/strong><\/li>\n<li><strong><span style=\"color: #ffffff;\">ONLINE PRA\u0106ENJE ROBE<\/span><\/strong><\/li>\n<li><strong><span style=\"color: #ffffff;\">SKLADI\u0160TENJE POD KONTROLOM TEMPERATURE<\/span><\/strong><\/li>\n<\/ul>\n<p>[\/vc_column_text][\/vc_column][vc_column width=&#8220;1\/3&#8243;][vc_column_text]<\/p>\n<ul>\n<li><strong><span style=\"color: #ffffff;\">KONTROLA KVALITETA<\/span><\/strong><\/li>\n<li><strong><span style=\"color: #ffffff;\">PRETOVAR<\/span><\/strong><\/li>\n<li><strong><span style=\"color: #ffffff;\">\u00a0ISTOVAR VANGABARITNIH TERETA SPECIJALNIM VILJU\u0160KARIMA<\/span><\/strong><\/li>\n<li><strong><span style=\"color: #ffffff;\">PRETOVAR\/ISTOVAR IZ KONTEJNERA<\/span><\/strong><\/li>\n<\/ul>\n<p>[\/vc_column_text][\/vc_column][\/vc_row][vc_row css_animation=&#8220;&#8220; row_type=&#8220;row&#8220; use_row_as_full_screen_section=&#8220;no&#8220; type=&#8220;grid&#8220; angled_section=&#8220;no&#8220; text_align=&#8220;left&#8220; background_image_as_pattern=&#8220;without_pattern&#8220; padding_top=&#8220;20&#8243; padding_bottom=&#8220;40&#8243; z_index=&#8220;&#8220; background_color=&#8220;#ffffff&#8220; css=&#8220;.vc_custom_1573768249657{background-color: rgba(30,115,190,0.16) !important;*background-color: rgb(30,115,190) !important;}&#8220;][vc_column width=&#8220;1\/3&#8243;]<div class='q_icon_with_title large custom_icon_image center '><div class=\"icon_holder \" style=\" \"><img decoding=\"async\" itemprop=\"image\" style=\"\" src=\"https:\/\/euromontlogistic.rs\/wp-content\/uploads\/2019\/11\/pakovanje2.png\" alt=\"\"><\/div><div class=\"icon_text_holder\" style=\"\"><div class=\"icon_text_inner\" style=\"\"><h5 class=\"icon_title\" style=\"font-weight: 600;\">PAKOVANJE<\/h5><p style=''><\/p><\/div><\/div><\/div>[vc_column_text]Na\u0161e kori\u0161\u0107enje LEAN koncepta prilago\u0111eno je potrebama klijenata. Zajedni\u010dkim lociranjem Va\u0161e robe, pove\u0107avamo efikasnost, a smanjujemo tro\u0161kove i vreme koji predstavljaju zna\u010dajan faktor u lancu snabdevanja. Pru\u017eite nam \u0161ansu da Vam u\u0161tedimo vreme i novac, a pove\u0107amo produktivnost.<\/p>\n<p>Na\u0161e specijalizovane usluge pakovanja uklju\u010duju, ali nisu ograni\u010dene na:<\/p>\n<ul>\n<li>Pakovanje i smanjivanje ambala\u017ee<\/li>\n<li>Prilago\u0111eni prikaz proizvoda<\/li>\n<li>Sastavljanje proizvoda<\/li>\n<li>Pakiranje i preure\u0111ivanje<\/li>\n<li>Prilago\u0111ena pakovanja<\/li>\n<li>Specijalno ozna\u010davanje proizvoda<\/li>\n<li>Kontrola kvaliteta<\/li>\n<li>RFID i barkod<\/li>\n<\/ul>\n<p>[\/vc_column_text][vc_empty_space][\/vc_column][vc_column width=&#8220;1\/3&#8243;]<div class='q_icon_with_title large custom_icon_image center '><div class=\"icon_holder \" style=\" \"><img decoding=\"async\" itemprop=\"image\" style=\"\" src=\"https:\/\/euromontlogistic.rs\/wp-content\/uploads\/2019\/11\/komisioniranje2-1.png\" alt=\"\"><\/div><div class=\"icon_text_holder\" style=\"\"><div class=\"icon_text_inner\" style=\"\"><h5 class=\"icon_title\" style=\"font-weight: 600;\">KOMISIONIRANJE<\/h5><p style=''><\/p><\/div><\/div><\/div>[vc_column_text]Na\u0161i kvalifikovani skladi\u0161ni timovi obu\u010deni su za komisioniranje robe kako bi se u \u0161to kra\u0107em roku moglo ispuniti \u0161to ve\u0107i broj porud\u017ebina i kako bi proizvodi u svakom trenutku mogli da budu dostupni kupcima u \u017eeljenom obliku. Povla\u010denje ili komisioniranje robe se vr\u0161i na nekoliko na\u010dina:<\/p>\n<ul>\n<li>Komadno (Piece picking)<\/li>\n<li>Paketno (Box picking)<\/li>\n<li>Klasterima (Claster picking)<\/li>\n<li>Grupno (Group picking)<\/li>\n<\/ul>\n<p>[\/vc_column_text][\/vc_column][vc_column width=&#8220;1\/3&#8243;]<div class='q_icon_with_title large custom_icon_image center '><div class=\"icon_holder \" style=\" \"><img decoding=\"async\" itemprop=\"image\" style=\"\" src=\"https:\/\/euromontlogistic.rs\/wp-content\/uploads\/2019\/11\/dodatne-usluge.png\" alt=\"\"><\/div><div class=\"icon_text_holder\" style=\"\"><div class=\"icon_text_inner\" style=\"\"><h5 class=\"icon_title\" style=\"font-weight: 600;\">DODATNE USLUGE<\/h5><p style=''><\/p><\/div><\/div><\/div>[vc_column_text]Kako bi ispunili promenljive zahteve i o\u010dekivanja u upravljanju lancem snabdevanja, Euromont Logistic te\u017ei ka unapre\u0111enju na\u010dina poslovanja kako bi se pobolj\u0161ali proizvodi, usluge i procesi.<\/p>\n<p>Na\u0161a kompanija je spremna da identifikuje mogu\u0107e probleme i na iste reaguje pozitivnim promenama.<\/p>\n<p>Euromont Logistic efikasno pove\u0107ava profit korisnika na\u0161ih usluga i posti\u017ee ostvarenje sopstvenih korporativnih ciljeva.<\/p>\n<p>U na\u0161em logisti\u010dkom centru obezbe\u0111ujemo usluge:<\/p>\n<ul>\n<li>vizuelne provere,<\/li>\n<li>uzorkovanja,<\/li>\n<li>sortiranja,<\/li>\n<li>prepakivanja,<\/li>\n<li>pakovanja,<\/li>\n<li>deklarisanja,<\/li>\n<li>etiketiranja<\/li>\n<\/ul>\n<p>[\/vc_column_text][\/vc_column][\/vc_row][vc_row css_animation=&#8220;&#8220; row_type=&#8220;row&#8220; use_row_as_full_screen_section=&#8220;no&#8220; type=&#8220;grid&#8220; angled_section=&#8220;no&#8220; text_align=&#8220;left&#8220; background_image_as_pattern=&#8220;without_pattern&#8220; z_index=&#8220;&#8220;][vc_column][vc_column_text]Visok nivo kvaliteta logisti\u010dkih procesa podrazumeva odvijanje svih aktivnosti bez ka\u0161njenja, a u skladu sa me\u0111unarodnim standardima.<\/p>\n<p>Nastojimo da pru\u017eimo operativnu ekspertizu kako bismo odr\u017eali efikasnu i odr\u017eivu distribuciju Va\u0161e robe.<\/p>\n<p>Bez obzira da li koristite na\u0161 ili Va\u0161 tim, na\u0161i interni stru\u010dnjaci bi Vam svakodnevno pomagali da upravljate svojim zalihama i da smanjite gubitak vremena, a samim tim bi ste smanjili svoje tro\u0161kove od iznajmljivanja magacina, opreme, radne snaga, odr\u017eavanja koji su izuzetno veliki na mese\u010dnom i godi\u0161njem nivou.[\/vc_column_text][vc_empty_space][\/vc_column][\/vc_row][vc_row css_animation=&#8220;&#8220; row_type=&#8220;row&#8220; use_row_as_full_screen_section=&#8220;no&#8220; type=&#8220;full_width&#8220; angled_section=&#8220;no&#8220; text_align=&#8220;left&#8220; background_image_as_pattern=&#8220;without_pattern&#8220;][vc_column]<div class=\"call_to_action with_icon\" style=\"background-color: #1e73be;\"><div class=\"container_inner\"><div class=\"two_columns_75_25 clearfix\"><div class=\"text_wrapper column1\"><div class=\"call_to_action_icon_holder\"><div class=\"call_to_action_icon\"><div class=\"call_to_action_icon_inner\"><i class='fa fa-envelope pull-left . fa-2x'><\/i><\/div><\/div><\/div><div class=\"call_to_action_text \" style=\"\"><span style=\"color: #ffffff;\">Zahtev za ponudu mo\u017eete poslati na:skladistenje@euromontlogistic.rs<\/span><\/div><\/div><\/div><\/div><\/div>[\/vc_column][\/vc_row]<\/p>\n","protected":false},"excerpt":{"rendered":"<p>[vc_row css_animation=&#8220;&#8220; row_type=&#8220;row&#8220; use_row_as_full_screen_section=&#8220;no&#8220; type=&#8220;grid&#8220; angled_section=&#8220;no&#8220; text_align=&#8220;left&#8220; background_image_as_pattern=&#8220;without_pattern&#8220; z_index=&#8220;&#8220;][vc_column width=&#8220;2\/3&#8243;][vc_empty_space][vc_column_text] SKLADI\u0160TE IMA KAPACITET ZA: Ambijentalno skladi\u0161tenje (opremljeno je savremenim visoko paletnim regalnim sistemom kapaciteta 10.000 mesta); Frigo skladi\u0161tenje (za robu koja zahteva skladi\u0161tenje i \u010duvanje na regulisanim temperaturama i do &#8211; 30*, -40* na 6000&#8230;<\/p>\n","protected":false},"author":1,"featured_media":0,"parent":0,"menu_order":0,"comment_status":"closed","ping_status":"closed","template":"full_width.php","meta":{"_mi_skip_tracking":false,"_monsterinsights_sitenote_active":false,"_monsterinsights_sitenote_note":"","_monsterinsights_sitenote_category":0,"footnotes":""},"class_list":["post-625","page","type-page","status-publish","hentry"],"_links":{"self":[{"href":"https:\/\/euromontlogistic.rs\/index.php\/wp-json\/wp\/v2\/pages\/625","targetHints":{"allow":["GET"]}}],"collection":[{"href":"https:\/\/euromontlogistic.rs\/index.php\/wp-json\/wp\/v2\/pages"}],"about":[{"href":"https:\/\/euromontlogistic.rs\/index.php\/wp-json\/wp\/v2\/types\/page"}],"author":[{"embeddable":true,"href":"https:\/\/euromontlogistic.rs\/index.php\/wp-json\/wp\/v2\/users\/1"}],"replies":[{"embeddable":true,"href":"https:\/\/euromontlogistic.rs\/index.php\/wp-json\/wp\/v2\/comments?post=625"}],"version-history":[{"count":126,"href":"https:\/\/euromontlogistic.rs\/index.php\/wp-json\/wp\/v2\/pages\/625\/revisions"}],"predecessor-version":[{"id":2535,"href":"https:\/\/euromontlogistic.rs\/index.php\/wp-json\/wp\/v2\/pages\/625\/revisions\/2535"}],"wp:attachment":[{"href":"https:\/\/euromontlogistic.rs\/index.php\/wp-json\/wp\/v2\/media?parent=625"}],"curies":[{"name":"wp","href":"https:\/\/api.w.org\/{rel}","templated":true}]}}