{"id":642,"date":"2019-11-10T18:08:49","date_gmt":"2019-11-10T18:08:49","guid":{"rendered":"http:\/\/euromontlogistic.rs\/?page_id=642"},"modified":"2020-07-22T13:37:42","modified_gmt":"2020-07-22T12:37:42","slug":"lokacija","status":"publish","type":"page","link":"https:\/\/euromontlogistic.rs\/index.php\/lokacija\/","title":{"rendered":"Lokacija"},"content":{"rendered":"<p>[vc_row css_animation=&#8220;&#8220; row_type=&#8220;row&#8220; use_row_as_full_screen_section=&#8220;no&#8220; type=&#8220;grid&#8220; angled_section=&#8220;no&#8220; text_align=&#8220;left&#8220; background_image_as_pattern=&#8220;without_pattern&#8220; padding_top=&#8220;90&#8243; padding_bottom=&#8220;90&#8243; z_index=&#8220;&#8220;][vc_column width=&#8220;1\/2&#8243;][vc_column_text]Euromont Logistic se nalazi na raskrsnici me\u0111unarodnog autoputa E75 i Zrenjaninskog puta (Ib reda br. 13), na samom ulasku u Novi Sad istok. Jedna od klju\u010dnih karakteristika ove lokacije jeste da se 65% drumskog saobra\u0107aja odvija upravo uz ovu lokaciju.<\/p>\n<p>Kamionski transport je glavno sredstvo i klju\u010dni pokreta\u010d ove lokacije.<\/p>\n<p>Drugi klju\u010dni pokreta\u010d ove lokacije jeste obilan resurs radne snage \u0161to je jako bitno za distribuciju i logisti\u010dki centar.<\/p>\n<p>Novi Sad kao glavni grad pokrajine Vojvodina se nalazi na 80km udaljenosti od Beograda, od Subotice je udaljen 95km, od Vr\u0161ca 130km, a udaljenost do \u010ca\u010dka iznosi 205km. Nalazimo se u centru svih grani\u010dnih prelaza.<\/p>\n<p>Novi Sad kao grad \u010dini lokaciju dobrom jer je pregledan, sa dovoljnom koli\u010dinom radne snage i blagom koncentracijom saobra\u0107aja \u0161to omogu\u0107ava efektivno i efikasno obavljanje delatnosti.[\/vc_column_text][\/vc_column][vc_column width=&#8220;1\/2&#8243;][vc_single_image image=&#8220;1130&#8243; img_size=&#8220;large&#8220; qode_css_animation=&#8220;&#8220;][\/vc_column][\/vc_row][vc_row css_animation=&#8220;&#8220; row_type=&#8220;row&#8220; use_row_as_full_screen_section=&#8220;no&#8220; type=&#8220;full_width&#8220; angled_section=&#8220;no&#8220; text_align=&#8220;left&#8220; background_image_as_pattern=&#8220;without_pattern&#8220;][vc_column][vc_gmaps link=&#8220;#E-8_JTNDaWZyYW1lJTIwc3JjJTNEJTIyaHR0cHMlM0ElMkYlMkZ3d3cuZ29vZ2xlLmNvbSUyRm1hcHMlMkZlbWJlZCUzRnBiJTNEJTIxMW0xOCUyMTFtMTIlMjExbTMlMjExZDc5MzkuNDczNzI2ODEwOTcyJTIxMmQxOS44Mzc2ODM0MzU5OTIxMSUyMTNkNDUuMjg3NjU4ODMwNjg1NiUyMTJtMyUyMTFmMCUyMTJmMCUyMTNmMCUyMTNtMiUyMTFpMTAyNCUyMTJpNzY4JTIxNGYxMy4xJTIxM20zJTIxMW0yJTIxMXMweDAlMjUzQTB4NDQyZWJhYjYxOTc4NWY1NyUyMTJzRVVST01PTlQlMjUyMExPR0lTVElDJTI1MjBkb28lMjE1ZTAlMjEzbTIlMjExc2VuJTIxMnNycyUyMTR2MTU3NDI0NTczMjM0NSUyMTVtMiUyMTFzZW4lMjEyc3JzJTIyJTIwd2lkdGglM0QlMjI2MDAlMjIlMjBoZWlnaHQlM0QlMjI0NTAlMjIlMjBmcmFtZWJvcmRlciUzRCUyMjAlMjIlMjBzdHlsZSUzRCUyMmJvcmRlciUzQTAlM0IlMjIlMjBhbGxvd2Z1bGxzY3JlZW4lM0QlMjIlMjIlM0UlM0MlMkZpZnJhbWUlM0U=&#8220;][\/vc_column][\/vc_row]<\/p>\n","protected":false},"excerpt":{"rendered":"<p>[vc_row css_animation=&#8220;&#8220; row_type=&#8220;row&#8220; use_row_as_full_screen_section=&#8220;no&#8220; type=&#8220;grid&#8220; angled_section=&#8220;no&#8220; text_align=&#8220;left&#8220; background_image_as_pattern=&#8220;without_pattern&#8220; padding_top=&#8220;90&#8243; padding_bottom=&#8220;90&#8243; z_index=&#8220;&#8220;][vc_column width=&#8220;1\/2&#8243;][vc_column_text]Euromont Logistic se nalazi na raskrsnici me\u0111unarodnog autoputa E75 i Zrenjaninskog puta (Ib reda br. 13), na samom ulasku u Novi Sad istok. Jedna od klju\u010dnih karakteristika ove lokacije jeste da se 65% drumskog&#8230;<\/p>\n","protected":false},"author":1,"featured_media":0,"parent":0,"menu_order":0,"comment_status":"closed","ping_status":"closed","template":"full_width.php","meta":{"_mi_skip_tracking":false,"_monsterinsights_sitenote_active":false,"_monsterinsights_sitenote_note":"","_monsterinsights_sitenote_category":0,"footnotes":""},"class_list":["post-642","page","type-page","status-publish","hentry"],"_links":{"self":[{"href":"https:\/\/euromontlogistic.rs\/index.php\/wp-json\/wp\/v2\/pages\/642","targetHints":{"allow":["GET"]}}],"collection":[{"href":"https:\/\/euromontlogistic.rs\/index.php\/wp-json\/wp\/v2\/pages"}],"about":[{"href":"https:\/\/euromontlogistic.rs\/index.php\/wp-json\/wp\/v2\/types\/page"}],"author":[{"embeddable":true,"href":"https:\/\/euromontlogistic.rs\/index.php\/wp-json\/wp\/v2\/users\/1"}],"replies":[{"embeddable":true,"href":"https:\/\/euromontlogistic.rs\/index.php\/wp-json\/wp\/v2\/comments?post=642"}],"version-history":[{"count":13,"href":"https:\/\/euromontlogistic.rs\/index.php\/wp-json\/wp\/v2\/pages\/642\/revisions"}],"predecessor-version":[{"id":2533,"href":"https:\/\/euromontlogistic.rs\/index.php\/wp-json\/wp\/v2\/pages\/642\/revisions\/2533"}],"wp:attachment":[{"href":"https:\/\/euromontlogistic.rs\/index.php\/wp-json\/wp\/v2\/media?parent=642"}],"curies":[{"name":"wp","href":"https:\/\/api.w.org\/{rel}","templated":true}]}}