{"id":651,"date":"2019-11-13T00:23:58","date_gmt":"2019-11-13T00:23:58","guid":{"rendered":"http:\/\/euromontlogistic.rs\/?page_id=651"},"modified":"2020-07-22T13:39:50","modified_gmt":"2020-07-22T12:39:50","slug":"medunarodni-i-unutrasnji-transport-i-spedicija","status":"publish","type":"page","link":"https:\/\/euromontlogistic.rs\/index.php\/medunarodni-i-unutrasnji-transport-i-spedicija\/","title":{"rendered":"Me\u0111unarodni i unutra\u0161nji transport i \u0161pedicija"},"content":{"rendered":"<p>[vc_row css_animation=&#8220;&#8220; row_type=&#8220;row&#8220; use_row_as_full_screen_section=&#8220;no&#8220; type=&#8220;grid&#8220; angled_section=&#8220;no&#8220; text_align=&#8220;left&#8220; background_image_as_pattern=&#8220;without_pattern&#8220; z_index=&#8220;&#8220;][vc_column][vc_empty_space][vc_column_text]Euromont Logistic svojim klijentima omogu\u0107ava brz i pouzdan transport robe do \u017eeljenih destinacija objedinjuju\u0107i efikasna i brza re\u0161enja iz oblasti transporta, logistike i \u0161pedicije. Transport skladi\u0161tene robe organizuje svojom sopstvenom firmom Euromont \u0160ped, ali i anga\u017eovanjem stalnih partnera.[\/vc_column_text][vc_empty_space][\/vc_column][\/vc_row][vc_row css_animation=&#8220;&#8220; row_type=&#8220;row&#8220; use_row_as_full_screen_section=&#8220;no&#8220; type=&#8220;grid&#8220; angled_section=&#8220;no&#8220; text_align=&#8220;left&#8220; background_image_as_pattern=&#8220;without_pattern&#8220; z_index=&#8220;&#8220; css=&#8220;.vc_custom_1573774419575{background-color: rgba(30,115,190,0.16) !important;*background-color: rgb(30,115,190) !important;}&#8220; padding_top=&#8220;50&#8243; padding_bottom=&#8220;50&#8243;][vc_column width=&#8220;1\/3&#8243;]<div class=\"image_with_text\"><img decoding=\"async\" itemprop=\"image\" src=\"https:\/\/euromontlogistic.rs\/wp-content\/uploads\/2019\/11\/euromont-KAMONI-1.jpg\" alt=\"\" \/><h3 ><\/h3><span style=\"margin: 6px 0px;\" class=\"separator transparent\"><\/span><strong><span style=\"color: #1865a3;\">Posedujemo modernu flotu od 30 teretnih i dostavnih vozila koja pru\u017eaju usluge transporta od fabrike i skladi\u0161ta partnera do maloprodajnih lanaca.<\/span><\/strong><\/div>[\/vc_column][vc_column width=&#8220;1\/3&#8243;]<div class=\"image_with_text\"><img decoding=\"async\" itemprop=\"image\" src=\"https:\/\/euromontlogistic.rs\/wp-content\/uploads\/2019\/11\/SATELIT-1.jpg\" alt=\"\" \/><h3 ><\/h3><span style=\"margin: 6px 0px;\" class=\"separator transparent\"><\/span><span style=\"color: #1865a3;\"><strong>Sva transportna vozila opremljena su savremenim sistemom satelitskog pra\u0107enja \u0161to omogu\u0107ava detaljan uvid u lokaciju odnosno kretanje robe.<\/strong><\/span><\/div>[\/vc_column][vc_column width=&#8220;1\/3&#8243;]<div class=\"image_with_text\"><img decoding=\"async\" itemprop=\"image\" src=\"https:\/\/euromontlogistic.rs\/wp-content\/uploads\/2019\/11\/CEMT.jpg\" alt=\"\" \/><h3 ><\/h3><span style=\"margin: 6px 0px;\" class=\"separator transparent\"><\/span><span style=\"color: #1865a3;\"><strong>Tranportna flota poseduje za sva vozila dozvole CEMT (me\u0111unarodna propusnica za slobodnu vo\u017enju evropskim putevima).<\/strong><\/span><\/div>[\/vc_column][\/vc_row][vc_row css_animation=&#8220;&#8220; row_type=&#8220;row&#8220; use_row_as_full_screen_section=&#8220;no&#8220; type=&#8220;grid&#8220; angled_section=&#8220;no&#8220; text_align=&#8220;left&#8220; background_image_as_pattern=&#8220;without_pattern&#8220; z_index=&#8220;&#8220;][vc_column][vc_empty_space][vc_column_text]Euromont Logistic pru\u017ea usluge \u0161pedicije svima koji skladi\u0161te robu u na\u0161em logisti\u010dkom centru \u0161to im omogu\u0107ava da jednim telefonskim pozivom zavr\u0161e ceo lanac prilikom uvoza svoje robe, od mesta utovara preko transporta, carine, skladi\u0161tenja preko carinskog skladi\u0161ta do distribucije do krajnjeg kupca. Tra\u017eimo pouzdane partnere na svakom tr\u017ei\u0161tu na kojem poslujemo i pomo\u0107i \u0107emo u izgradnji odnosa kako bi se osigurala dosledna i sigurna isporuka i transport Va\u0161ih proizvoda.<\/p>\n<p>Kontaktirajte nas danas kako biste vi\u0161e saznali o tome kako mo\u017eemo pomo\u0107i Va\u0161em preduze\u0107u da na\u0111e pouzdanog partnera za prevoz.[\/vc_column_text][vc_empty_space][\/vc_column][\/vc_row][vc_row css_animation=&#8220;&#8220; row_type=&#8220;row&#8220; use_row_as_full_screen_section=&#8220;no&#8220; type=&#8220;full_width&#8220; angled_section=&#8220;no&#8220; text_align=&#8220;left&#8220; background_image_as_pattern=&#8220;without_pattern&#8220; z_index=&#8220;&#8220;][vc_column]<div class=\"call_to_action with_icon\" style=\"background-color: #1e73be;\"><div class=\"two_columns_75_25 clearfix\"><div class=\"text_wrapper column1\"><div class=\"call_to_action_icon_holder\"><div class=\"call_to_action_icon\"><div class=\"call_to_action_icon_inner\"><i class='fa fa-envelope pull-left . fa-2x'><\/i><\/div><\/div><\/div><div class=\"call_to_action_text \" style=\"\">Zahtev za ponudu mo\u017eete poslati na mail: <a href=\"mailto:transport@euromontlogistic.rs\">transport@euromontlogistic.rs<\/a><\/div><\/div><\/div><\/div>[\/vc_column][\/vc_row]<\/p>\n","protected":false},"excerpt":{"rendered":"<p>[vc_row css_animation=&#8220;&#8220; row_type=&#8220;row&#8220; use_row_as_full_screen_section=&#8220;no&#8220; type=&#8220;grid&#8220; angled_section=&#8220;no&#8220; text_align=&#8220;left&#8220; background_image_as_pattern=&#8220;without_pattern&#8220; z_index=&#8220;&#8220;][vc_column][vc_empty_space][vc_column_text]Euromont Logistic svojim klijentima omogu\u0107ava brz i pouzdan transport robe do \u017eeljenih destinacija objedinjuju\u0107i efikasna i brza re\u0161enja iz oblasti transporta, logistike i \u0161pedicije. Transport skladi\u0161tene robe organizuje svojom sopstvenom firmom Euromont \u0160ped, ali i anga\u017eovanjem stalnih&#8230;<\/p>\n","protected":false},"author":1,"featured_media":0,"parent":0,"menu_order":0,"comment_status":"closed","ping_status":"closed","template":"full_width.php","meta":{"_mi_skip_tracking":false,"_monsterinsights_sitenote_active":false,"_monsterinsights_sitenote_note":"","_monsterinsights_sitenote_category":0,"footnotes":""},"class_list":["post-651","page","type-page","status-publish","hentry"],"_links":{"self":[{"href":"https:\/\/euromontlogistic.rs\/index.php\/wp-json\/wp\/v2\/pages\/651","targetHints":{"allow":["GET"]}}],"collection":[{"href":"https:\/\/euromontlogistic.rs\/index.php\/wp-json\/wp\/v2\/pages"}],"about":[{"href":"https:\/\/euromontlogistic.rs\/index.php\/wp-json\/wp\/v2\/types\/page"}],"author":[{"embeddable":true,"href":"https:\/\/euromontlogistic.rs\/index.php\/wp-json\/wp\/v2\/users\/1"}],"replies":[{"embeddable":true,"href":"https:\/\/euromontlogistic.rs\/index.php\/wp-json\/wp\/v2\/comments?post=651"}],"version-history":[{"count":48,"href":"https:\/\/euromontlogistic.rs\/index.php\/wp-json\/wp\/v2\/pages\/651\/revisions"}],"predecessor-version":[{"id":2534,"href":"https:\/\/euromontlogistic.rs\/index.php\/wp-json\/wp\/v2\/pages\/651\/revisions\/2534"}],"wp:attachment":[{"href":"https:\/\/euromontlogistic.rs\/index.php\/wp-json\/wp\/v2\/media?parent=651"}],"curies":[{"name":"wp","href":"https:\/\/api.w.org\/{rel}","templated":true}]}}